{"id":773,"date":"2020-03-20T10:08:04","date_gmt":"2020-03-20T09:08:04","guid":{"rendered":"http:\/\/xn--collectifenporte-pqb.com\/?post_type=product&#038;p=773"},"modified":"2020-03-31T16:21:58","modified_gmt":"2020-03-31T15:21:58","slug":"decouvertes-classiques","status":"publish","type":"product","link":"https:\/\/xn--collectifenporte-pqb.com\/index.php\/produit\/decouvertes-classiques\/","title":{"rendered":"D\u00e9couvertes classiques"},"content":{"rendered":"<p><a href=\"http:\/\/xn--collectifenporte-pqb.com\/wp-content\/uploads\/2020\/03\/Finlandia-Conducteur_et_parties.pdf\">Finlandia-Conducteur_et_parties<\/a><\/p>\n<div style=\"padding-bottom:20px; padding-top:10px;\" class=\"hupso-share-buttons\"><!-- Hupso Share Buttons - https:\/\/www.hupso.com\/share\/ --><a class=\"hupso_toolbar\" href=\"https:\/\/www.hupso.com\/share\/\"><img decoding=\"async\" src=\"https:\/\/static.hupso.com\/share\/buttons\/lang\/fr\/share-medium.png\" style=\"border:0px; padding-top: 5px; float:left;\" alt=\"Share Button\"\/><\/a><script type=\"text\/javascript\">var hupso_services_t=new Array(\"Twitter\",\"Facebook\",\"Pinterest\",\"Linkedin\",\"Tumblr\",\"Email\");var hupso_background_t=\"#EAF4FF\";var hupso_border_t=\"#66CCFF\";var hupso_toolbar_size_t=\"medium\";var hupso_image_folder_url = \"\";var hupso_url_t=\"\";var hupso_title_t=\"D%C3%A9couvertes%20classiques\";<\/script><script type=\"text\/javascript\" src=\"https:\/\/static.hupso.com\/share\/js\/share_toolbar.js\"><\/script><!-- Hupso Share Buttons --><\/div>","protected":false},"excerpt":{"rendered":"<p>Le prix comprend les conducteurs et parties s\u00e9par\u00e9es.<\/p>\n<p><i>Ce recueil est \u00e0 destination des classes d\u2019orchestres de premier et second cycle d\u2019\u00e9coles de musique. Il est essentiellement bas\u00e9 sur des arrangements d\u2019extraits d\u2019oeuvres dites \u00ab\u00a0classiques\u00a0\u00bb. Il a \u00e9t\u00e9 cr\u00e9\u00e9 dans un premier temps pour les classes d\u2019orchestres de l\u2019\u00e9cole de musique de Vertou 44.\u00a0 Evidemment l&rsquo;instrumentarium propos\u00e9 est sp\u00e9cifique aux besoins des classes d\u2019orchestres de cette \u00e9cole mais peut \u00eatre r\u00e9-adaptable.\u00a0<\/i><\/p>\n<p>Sommaire<\/p>\n<ol>\n<li>Extraits de <b><i>Finlandia<\/i><\/b> de Jean Sib\u00e9lius<\/li>\n<li>Extraits de <b><i>Jupiter<\/i><\/b> Gustav Holst<\/li>\n<li>Extrait de la <b><i>Jeune fille et la mort<\/i><\/b> de Franz Schubert<\/li>\n<li>La <b><i>chanson de l\u2019aveine<\/i><\/b> (traditionnel fran\u00e7ais)<\/li>\n<li><b><i>Scarborough Fair<\/i><\/b> (traditionnel anglais)<\/li>\n<li>Extrait du <b><i>Concerto pour piano n\u00b026<\/i><\/b> de Wolfgang-Amadeus Mozart, <i>2\u00e8me Mouvement<\/i><\/li>\n<li>Extrait de <b><i>Casse-Noisette<\/i><\/b>, Les Mirlitons de Piotr Ilitch Tcha\u00efkovski<\/li>\n<\/ol>\n<div style=\"padding-bottom:20px; padding-top:10px;\" class=\"hupso-share-buttons\"><!-- Hupso Share Buttons - https:\/\/www.hupso.com\/share\/ --><a class=\"hupso_toolbar\" href=\"https:\/\/www.hupso.com\/share\/\"><img src=\"https:\/\/static.hupso.com\/share\/buttons\/lang\/fr\/share-medium.png\" style=\"border:0px; padding-top: 5px; float:left;\" alt=\"Share Button\"\/><\/a><script type=\"text\/javascript\">var hupso_services_t=new Array(\"Twitter\",\"Facebook\",\"Pinterest\",\"Linkedin\",\"Tumblr\",\"Email\");var hupso_background_t=\"#EAF4FF\";var hupso_border_t=\"#66CCFF\";var hupso_toolbar_size_t=\"medium\";var hupso_image_folder_url = \"\";var hupso_url_t=\"\";var hupso_title_t=\"D%C3%A9couvertes%20classiques\";<\/script><script type=\"text\/javascript\" src=\"https:\/\/static.hupso.com\/share\/js\/share_toolbar.js\"><\/script><!-- Hupso Share Buttons --><\/div>","protected":false},"author":1,"featured_media":776,"comment_status":"open","ping_status":"closed","template":"","meta":{"advgb_blocks_editor_width":"","advgb_blocks_columns_visual_guide":""},"product_brand":[],"product_cat":[34,37,38,41],"product_tag":[],"class_list":{"0":"post-773","1":"product","2":"type-product","3":"status-publish","4":"has-post-thumbnail","6":"product_cat-arrangement","7":"product_cat-repertoire-musique-densemble-orchestre","8":"product_cat-repertoire-pedagogique","9":"product_cat-toutes","11":"first","12":"instock","13":"downloadable","14":"purchasable","15":"product-type-simple"},"featured_img":"https:\/\/xn--collectifenporte-pqb.com\/wp-content\/uploads\/2020\/03\/Page-de-couv-Arrangement-1-3-scaled.jpg","coauthors":[],"author_meta":{"author_link":"https:\/\/xn--collectifenporte-pqb.com\/index.php\/author\/admin1862\/","display_name":"admin1862"},"relative_dates":{"created":"Publi\u00e9 6 ans il y a","modified":"Mis \u00e0 jour 6 ans il y a"},"absolute_dates":{"created":"Publi\u00e9 le 20 mars 2020","modified":"Mise \u00e0 jour le 31 mars 2020"},"absolute_dates_time":{"created":"Publi\u00e9 le 20 mars 2020 10 h 08 min","modified":"Mise \u00e0 jour le 31 mars 2020 16 h 21 min"},"featured_img_caption":"","tax_additional":{"product_brand":{"linked":[],"unlinked":[],"slug":"product_brand","name":"Brands"},"product_type":{"linked":["<a href=\"https:\/\/xn--collectifenporte-pqb.com\/?taxonomy=product_type&#038;term=simple\" class=\"advgb-post-tax-term\">simple<\/a>"],"unlinked":["<span class=\"advgb-post-tax-term\">simple<\/span>"],"slug":"product_type","name":"Type de produit"},"product_visibility":{"linked":[],"unlinked":[],"slug":"product_visibility","name":"Visibilit\u00e9 du produit"},"product_cat":{"linked":["<a href=\"https:\/\/xn--collectifenporte-pqb.com\/index.php\/categorie-produit\/arrangement\/\" class=\"advgb-post-tax-term\">Arrangement<\/a>","<a href=\"https:\/\/xn--collectifenporte-pqb.com\/index.php\/categorie-produit\/repertoire-musique-densemble-orchestre\/\" class=\"advgb-post-tax-term\">R\u00e9pertoire musique d&#039;ensemble\/orchestre<\/a>","<a href=\"https:\/\/xn--collectifenporte-pqb.com\/index.php\/categorie-produit\/repertoire-pedagogique\/\" class=\"advgb-post-tax-term\">R\u00e9pertoire p\u00e9dagogique<\/a>","<a href=\"https:\/\/xn--collectifenporte-pqb.com\/index.php\/categorie-produit\/toutes\/\" class=\"advgb-post-tax-term\">Toutes<\/a>"],"unlinked":["<span class=\"advgb-post-tax-term\">Arrangement<\/span>","<span class=\"advgb-post-tax-term\">R\u00e9pertoire musique d&#039;ensemble\/orchestre<\/span>","<span class=\"advgb-post-tax-term\">R\u00e9pertoire p\u00e9dagogique<\/span>","<span class=\"advgb-post-tax-term\">Toutes<\/span>"],"slug":"product_cat","name":"Cat\u00e9gories de produits"},"product_tag":{"linked":[],"unlinked":[],"slug":"product_tag","name":"\u00c9tiquettes produit"},"product_shipping_class":{"linked":[],"unlinked":[],"slug":"product_shipping_class","name":"Classe d\u2019exp\u00e9dition du produit"}},"series_order":"","jetpack_sharing_enabled":true,"_links":{"self":[{"href":"https:\/\/xn--collectifenporte-pqb.com\/index.php\/wp-json\/wp\/v2\/product\/773","targetHints":{"allow":["GET"]}}],"collection":[{"href":"https:\/\/xn--collectifenporte-pqb.com\/index.php\/wp-json\/wp\/v2\/product"}],"about":[{"href":"https:\/\/xn--collectifenporte-pqb.com\/index.php\/wp-json\/wp\/v2\/types\/product"}],"replies":[{"embeddable":true,"href":"https:\/\/xn--collectifenporte-pqb.com\/index.php\/wp-json\/wp\/v2\/comments?post=773"}],"wp:featuredmedia":[{"embeddable":true,"href":"https:\/\/xn--collectifenporte-pqb.com\/index.php\/wp-json\/wp\/v2\/media\/776"}],"wp:attachment":[{"href":"https:\/\/xn--collectifenporte-pqb.com\/index.php\/wp-json\/wp\/v2\/media?parent=773"}],"wp:term":[{"taxonomy":"product_brand","embeddable":true,"href":"https:\/\/xn--collectifenporte-pqb.com\/index.php\/wp-json\/wp\/v2\/product_brand?post=773"},{"taxonomy":"product_cat","embeddable":true,"href":"https:\/\/xn--collectifenporte-pqb.com\/index.php\/wp-json\/wp\/v2\/product_cat?post=773"},{"taxonomy":"product_tag","embeddable":true,"href":"https:\/\/xn--collectifenporte-pqb.com\/index.php\/wp-json\/wp\/v2\/product_tag?post=773"}],"curies":[{"name":"wp","href":"https:\/\/api.w.org\/{rel}","templated":true}]}}