{"id":623,"date":"2020-03-17T15:13:23","date_gmt":"2020-03-17T14:13:23","guid":{"rendered":"http:\/\/xn--collectifenporte-pqb.com\/?post_type=product&#038;p=623"},"modified":"2020-03-31T16:31:10","modified_gmt":"2020-03-31T15:31:10","slug":"3-melodies-russes","status":"publish","type":"product","link":"https:\/\/xn--collectifenporte-pqb.com\/index.php\/produit\/3-melodies-russes\/","title":{"rendered":"3 M\u00e9lodies Russes"},"content":{"rendered":"<p>Extrait PDF t\u00e9l\u00e9chargeable<\/p>\n<p><a href=\"http:\/\/xn--collectifenporte-pqb.com\/wp-content\/uploads\/2017\/11\/3-m\u00e9lodies-russes-Extraits.pdf\">3 m\u00e9lodies russes Extraits<\/a><\/p>\n<p>I:\u00a0Chto vimeni t\u00e9b\u00e9 ma\u00efom ?<\/p>\n<p><iframe loading=\"lazy\" src=\"https:\/\/w.soundcloud.com\/player\/?url=https%3A\/\/soundcloud.com\/tommy-bourgeois-659104356\/3-melodies-chto-vimeni-tebe-maiom&amp;auto_play=false&amp;hide_related=false&amp;show_comments=true&amp;show_user=true&amp;show_reposts=false&amp;visual=true\" width=\"100%\" height=\"auto\" frameborder=\"no\" scrolling=\"no\" data-mce-fragment=\"1\"><\/iframe><\/p>\n<p><a class=\"soundTitle__title sc-link-dark\" href=\"https:\/\/soundcloud.com\/tommy-bourgeois-659104356\/ii-gde-ti-zvezdochka\"><span class=\"\">II: Gde t\u00ef, zv\u00ebzdochka?<\/span><\/a><\/p>\n<p><iframe loading=\"lazy\" src=\"https:\/\/w.soundcloud.com\/player\/?url=https%3A\/\/soundcloud.com\/tommy-bourgeois-659104356\/ii-gde-ti-zvezdochka&amp;auto_play=false&amp;hide_related=false&amp;show_comments=true&amp;show_user=true&amp;show_reposts=false&amp;visual=true\" width=\"100%\" height=\"auto\" frameborder=\"no\" scrolling=\"no\" data-mce-fragment=\"1\"><\/iframe><\/p>\n<p>III Nad Rekoi<\/p>\n<p><iframe loading=\"lazy\" src=\"https:\/\/w.soundcloud.com\/player\/?url=https%3A\/\/soundcloud.com\/tommy-bourgeois-659104356\/iii-nad-rekoi&amp;auto_play=false&amp;hide_related=false&amp;show_comments=true&amp;show_user=true&amp;show_reposts=false&amp;visual=true\" width=\"100%\" height=\"auto\" frameborder=\"no\" scrolling=\"no\" data-mce-fragment=\"1\"><\/iframe><\/p>\n<p>&nbsp;<\/p>\n<div style=\"padding-bottom:20px; padding-top:10px;\" class=\"hupso-share-buttons\"><!-- Hupso Share Buttons - https:\/\/www.hupso.com\/share\/ --><a class=\"hupso_toolbar\" href=\"https:\/\/www.hupso.com\/share\/\"><img decoding=\"async\" src=\"https:\/\/static.hupso.com\/share\/buttons\/lang\/fr\/share-medium.png\" style=\"border:0px; padding-top: 5px; float:left;\" alt=\"Share Button\"\/><\/a><script type=\"text\/javascript\">var hupso_services_t=new Array(\"Twitter\",\"Facebook\",\"Pinterest\",\"Linkedin\",\"Tumblr\",\"Email\");var hupso_background_t=\"#EAF4FF\";var hupso_border_t=\"#66CCFF\";var hupso_toolbar_size_t=\"medium\";var hupso_image_folder_url = \"\";var hupso_url_t=\"\";var hupso_title_t=\"3%20M%C3%A9lodies%20Russes\";<\/script><script type=\"text\/javascript\" src=\"https:\/\/static.hupso.com\/share\/js\/share_toolbar.js\"><\/script><!-- Hupso Share Buttons --><\/div>","protected":false},"excerpt":{"rendered":"<p>Pour Baryton et Piano. Le prix comprend les trois pi\u00e8ces.<\/p>\n<div style=\"padding-bottom:20px; padding-top:10px;\" class=\"hupso-share-buttons\"><!-- Hupso Share Buttons - https:\/\/www.hupso.com\/share\/ --><a class=\"hupso_toolbar\" href=\"https:\/\/www.hupso.com\/share\/\"><img src=\"https:\/\/static.hupso.com\/share\/buttons\/lang\/fr\/share-medium.png\" style=\"border:0px; padding-top: 5px; float:left;\" alt=\"Share Button\"\/><\/a><script type=\"text\/javascript\">var hupso_services_t=new Array(\"Twitter\",\"Facebook\",\"Pinterest\",\"Linkedin\",\"Tumblr\",\"Email\");var hupso_background_t=\"#EAF4FF\";var hupso_border_t=\"#66CCFF\";var hupso_toolbar_size_t=\"medium\";var hupso_image_folder_url = \"\";var hupso_url_t=\"\";var hupso_title_t=\"3%20M%C3%A9lodies%20Russes\";<\/script><script type=\"text\/javascript\" src=\"https:\/\/static.hupso.com\/share\/js\/share_toolbar.js\"><\/script><!-- Hupso Share Buttons --><\/div>","protected":false},"author":1,"featured_media":304,"comment_status":"open","ping_status":"closed","template":"","meta":{"advgb_blocks_editor_width":"","advgb_blocks_columns_visual_guide":""},"product_brand":[],"product_cat":[35,37,39,41],"product_tag":[],"class_list":{"0":"post-623","1":"product","2":"type-product","3":"status-publish","4":"has-post-thumbnail","6":"product_cat-composition","7":"product_cat-repertoire-musique-densemble-orchestre","8":"product_cat-repertoire-vocal-2","9":"product_cat-toutes","11":"first","12":"instock","13":"downloadable","14":"purchasable","15":"product-type-simple"},"featured_img":"https:\/\/xn--collectifenporte-pqb.com\/wp-content\/uploads\/2017\/11\/Page-de-couv-m\u00e9lodies-scaled.jpg","coauthors":[],"author_meta":{"author_link":"https:\/\/xn--collectifenporte-pqb.com\/index.php\/author\/admin1862\/","display_name":"admin1862"},"relative_dates":{"created":"Publi\u00e9 6 ans il y a","modified":"Mis \u00e0 jour 6 ans il y a"},"absolute_dates":{"created":"Publi\u00e9 le 17 mars 2020","modified":"Mise \u00e0 jour le 31 mars 2020"},"absolute_dates_time":{"created":"Publi\u00e9 le 17 mars 2020 15 h 13 min","modified":"Mise \u00e0 jour le 31 mars 2020 16 h 31 min"},"featured_img_caption":"","tax_additional":{"product_brand":{"linked":[],"unlinked":[],"slug":"product_brand","name":"Brands"},"product_type":{"linked":["<a href=\"https:\/\/xn--collectifenporte-pqb.com\/?taxonomy=product_type&#038;term=simple\" class=\"advgb-post-tax-term\">simple<\/a>"],"unlinked":["<span class=\"advgb-post-tax-term\">simple<\/span>"],"slug":"product_type","name":"Type de produit"},"product_visibility":{"linked":[],"unlinked":[],"slug":"product_visibility","name":"Visibilit\u00e9 du produit"},"product_cat":{"linked":["<a href=\"https:\/\/xn--collectifenporte-pqb.com\/index.php\/categorie-produit\/composition\/\" class=\"advgb-post-tax-term\">Composition<\/a>","<a href=\"https:\/\/xn--collectifenporte-pqb.com\/index.php\/categorie-produit\/repertoire-musique-densemble-orchestre\/\" class=\"advgb-post-tax-term\">R\u00e9pertoire musique d&#039;ensemble\/orchestre<\/a>","<a href=\"https:\/\/xn--collectifenporte-pqb.com\/index.php\/categorie-produit\/repertoire-vocal-2\/\" class=\"advgb-post-tax-term\">R\u00e9pertoire Vocal<\/a>","<a href=\"https:\/\/xn--collectifenporte-pqb.com\/index.php\/categorie-produit\/toutes\/\" class=\"advgb-post-tax-term\">Toutes<\/a>"],"unlinked":["<span class=\"advgb-post-tax-term\">Composition<\/span>","<span class=\"advgb-post-tax-term\">R\u00e9pertoire musique d&#039;ensemble\/orchestre<\/span>","<span class=\"advgb-post-tax-term\">R\u00e9pertoire Vocal<\/span>","<span class=\"advgb-post-tax-term\">Toutes<\/span>"],"slug":"product_cat","name":"Cat\u00e9gories de produits"},"product_tag":{"linked":[],"unlinked":[],"slug":"product_tag","name":"\u00c9tiquettes produit"},"product_shipping_class":{"linked":[],"unlinked":[],"slug":"product_shipping_class","name":"Classe d\u2019exp\u00e9dition du produit"}},"series_order":"","jetpack_sharing_enabled":true,"_links":{"self":[{"href":"https:\/\/xn--collectifenporte-pqb.com\/index.php\/wp-json\/wp\/v2\/product\/623","targetHints":{"allow":["GET"]}}],"collection":[{"href":"https:\/\/xn--collectifenporte-pqb.com\/index.php\/wp-json\/wp\/v2\/product"}],"about":[{"href":"https:\/\/xn--collectifenporte-pqb.com\/index.php\/wp-json\/wp\/v2\/types\/product"}],"replies":[{"embeddable":true,"href":"https:\/\/xn--collectifenporte-pqb.com\/index.php\/wp-json\/wp\/v2\/comments?post=623"}],"wp:featuredmedia":[{"embeddable":true,"href":"https:\/\/xn--collectifenporte-pqb.com\/index.php\/wp-json\/wp\/v2\/media\/304"}],"wp:attachment":[{"href":"https:\/\/xn--collectifenporte-pqb.com\/index.php\/wp-json\/wp\/v2\/media?parent=623"}],"wp:term":[{"taxonomy":"product_brand","embeddable":true,"href":"https:\/\/xn--collectifenporte-pqb.com\/index.php\/wp-json\/wp\/v2\/product_brand?post=623"},{"taxonomy":"product_cat","embeddable":true,"href":"https:\/\/xn--collectifenporte-pqb.com\/index.php\/wp-json\/wp\/v2\/product_cat?post=623"},{"taxonomy":"product_tag","embeddable":true,"href":"https:\/\/xn--collectifenporte-pqb.com\/index.php\/wp-json\/wp\/v2\/product_tag?post=623"}],"curies":[{"name":"wp","href":"https:\/\/api.w.org\/{rel}","templated":true}]}}