{"id":1446,"date":"2024-12-19T18:45:59","date_gmt":"2024-12-19T17:45:59","guid":{"rendered":"https:\/\/xn--collectifenporte-pqb.com\/?post_type=product&#038;p=1446"},"modified":"2024-12-19T18:54:00","modified_gmt":"2024-12-19T17:54:00","slug":"une-rencontre","status":"publish","type":"product","link":"https:\/\/xn--collectifenporte-pqb.com\/index.php\/produit\/une-rencontre\/","title":{"rendered":"Une Rencontre"},"content":{"rendered":"        <style>\r\n            #player1451{\r\n                max-width: 100%;\r\n                margin: 0 auto;\r\n            }\r\n                    <\/style>\r\n        <div>\r\n            <div id=\"player1451\">\r\n                <div class=\"plyr__video-embed embed-container\" id=\"player\">\r\n                    <iframe\r\n                        src=\"https:\/\/www.youtube.com\/embed\/https:\/\/www.youtube.com\/watch?v=55lCLRPivnE\"\r\n                        allowfullscreen\r\n                        allowtransparency\r\n                        allow=\"autoplay\"\r\n                    ><\/iframe>\r\n                <\/div>\r\n                <script type=\"text\/javascript\">\r\n                    const player1451 = new Plyr('#player1451 #player', {\r\n                        controls:[\"play-large\",\"play\",\"progress\",\"duration\",\"current-time\",\"mute\",\"volume\",\"settings\",\"fullscreen\"],\r\n                        youtube: { noCookie: false, rel: 0, showinfo: 0, iv_load_policy: 3, modestbranding: 1, start: 0} \/\/pro \r\n                    });\r\n                <\/script>\r\n            <\/div>\r\n        <\/div>\r\n        \n<p>&nbsp;<\/p>\n<p>&nbsp;<\/p>\n<p>&nbsp;<\/p>\n<div style=\"padding-bottom:20px; padding-top:10px;\" class=\"hupso-share-buttons\"><!-- Hupso Share Buttons - https:\/\/www.hupso.com\/share\/ --><a class=\"hupso_toolbar\" href=\"https:\/\/www.hupso.com\/share\/\"><img decoding=\"async\" src=\"https:\/\/static.hupso.com\/share\/buttons\/lang\/fr\/share-medium.png\" style=\"border:0px; padding-top: 5px; float:left;\" alt=\"Share Button\"\/><\/a><script type=\"text\/javascript\">var hupso_services_t=new Array(\"Twitter\",\"Facebook\",\"Pinterest\",\"Linkedin\",\"Tumblr\",\"Email\");var hupso_background_t=\"#EAF4FF\";var hupso_border_t=\"#66CCFF\";var hupso_toolbar_size_t=\"medium\";var hupso_image_folder_url = \"\";var hupso_url_t=\"\";var hupso_title_t=\"Une%20Rencontre\";<\/script><script type=\"text\/javascript\" src=\"https:\/\/static.hupso.com\/share\/js\/share_toolbar.js\"><\/script><!-- Hupso Share Buttons --><\/div>","protected":false},"excerpt":{"rendered":"<p>Pi\u00e8ce pour piano<\/p>\n<div style=\"padding-bottom:20px; padding-top:10px;\" class=\"hupso-share-buttons\"><!-- Hupso Share Buttons - https:\/\/www.hupso.com\/share\/ --><a class=\"hupso_toolbar\" href=\"https:\/\/www.hupso.com\/share\/\"><img src=\"https:\/\/static.hupso.com\/share\/buttons\/lang\/fr\/share-medium.png\" style=\"border:0px; padding-top: 5px; float:left;\" alt=\"Share Button\"\/><\/a><script type=\"text\/javascript\">var hupso_services_t=new Array(\"Twitter\",\"Facebook\",\"Pinterest\",\"Linkedin\",\"Tumblr\",\"Email\");var hupso_background_t=\"#EAF4FF\";var hupso_border_t=\"#66CCFF\";var hupso_toolbar_size_t=\"medium\";var hupso_image_folder_url = \"\";var hupso_url_t=\"\";var hupso_title_t=\"Une%20Rencontre\";<\/script><script type=\"text\/javascript\" src=\"https:\/\/static.hupso.com\/share\/js\/share_toolbar.js\"><\/script><!-- Hupso Share Buttons --><\/div>","protected":false},"author":1,"featured_media":1450,"comment_status":"closed","ping_status":"closed","template":"","meta":{"advgb_blocks_editor_width":"","advgb_blocks_columns_visual_guide":""},"product_brand":[],"product_cat":[35,36,41],"product_tag":[],"class_list":{"0":"post-1446","1":"product","2":"type-product","3":"status-publish","4":"has-post-thumbnail","6":"product_cat-composition","7":"product_cat-instrument-seul","8":"product_cat-toutes","10":"first","11":"instock","12":"downloadable","13":"taxable","14":"shipping-taxable","15":"purchasable","16":"product-type-simple"},"featured_img":"https:\/\/xn--collectifenporte-pqb.com\/wp-content\/uploads\/2024\/12\/Une-rencontre-1-pdf.jpg","coauthors":[],"author_meta":{"author_link":"https:\/\/xn--collectifenporte-pqb.com\/index.php\/author\/admin1862\/","display_name":"admin1862"},"relative_dates":{"created":"Publi\u00e9 1 an il y a","modified":"Mis \u00e0 jour 1 an il y a"},"absolute_dates":{"created":"Publi\u00e9 le 19 d\u00e9cembre 2024","modified":"Mise \u00e0 jour le 19 d\u00e9cembre 2024"},"absolute_dates_time":{"created":"Publi\u00e9 le 19 d\u00e9cembre 2024 18 h 45 min","modified":"Mise \u00e0 jour le 19 d\u00e9cembre 2024 18 h 54 min"},"featured_img_caption":"","tax_additional":{"product_brand":{"linked":[],"unlinked":[],"slug":"product_brand","name":"Brands"},"product_type":{"linked":["<a href=\"https:\/\/xn--collectifenporte-pqb.com\/?taxonomy=product_type&#038;term=simple\" class=\"advgb-post-tax-term\">simple<\/a>"],"unlinked":["<span class=\"advgb-post-tax-term\">simple<\/span>"],"slug":"product_type","name":"Type de produit"},"product_visibility":{"linked":[],"unlinked":[],"slug":"product_visibility","name":"Visibilit\u00e9 du produit"},"product_cat":{"linked":["<a href=\"https:\/\/xn--collectifenporte-pqb.com\/index.php\/categorie-produit\/composition\/\" class=\"advgb-post-tax-term\">Composition<\/a>","<a href=\"https:\/\/xn--collectifenporte-pqb.com\/index.php\/categorie-produit\/instrument-seul\/\" class=\"advgb-post-tax-term\">Instrument seul<\/a>","<a href=\"https:\/\/xn--collectifenporte-pqb.com\/index.php\/categorie-produit\/toutes\/\" class=\"advgb-post-tax-term\">Toutes<\/a>"],"unlinked":["<span class=\"advgb-post-tax-term\">Composition<\/span>","<span class=\"advgb-post-tax-term\">Instrument seul<\/span>","<span class=\"advgb-post-tax-term\">Toutes<\/span>"],"slug":"product_cat","name":"Cat\u00e9gories de produits"},"product_tag":{"linked":[],"unlinked":[],"slug":"product_tag","name":"\u00c9tiquettes produit"},"product_shipping_class":{"linked":[],"unlinked":[],"slug":"product_shipping_class","name":"Classe d\u2019exp\u00e9dition du produit"}},"series_order":"","jetpack_sharing_enabled":true,"_links":{"self":[{"href":"https:\/\/xn--collectifenporte-pqb.com\/index.php\/wp-json\/wp\/v2\/product\/1446","targetHints":{"allow":["GET"]}}],"collection":[{"href":"https:\/\/xn--collectifenporte-pqb.com\/index.php\/wp-json\/wp\/v2\/product"}],"about":[{"href":"https:\/\/xn--collectifenporte-pqb.com\/index.php\/wp-json\/wp\/v2\/types\/product"}],"replies":[{"embeddable":true,"href":"https:\/\/xn--collectifenporte-pqb.com\/index.php\/wp-json\/wp\/v2\/comments?post=1446"}],"wp:featuredmedia":[{"embeddable":true,"href":"https:\/\/xn--collectifenporte-pqb.com\/index.php\/wp-json\/wp\/v2\/media\/1450"}],"wp:attachment":[{"href":"https:\/\/xn--collectifenporte-pqb.com\/index.php\/wp-json\/wp\/v2\/media?parent=1446"}],"wp:term":[{"taxonomy":"product_brand","embeddable":true,"href":"https:\/\/xn--collectifenporte-pqb.com\/index.php\/wp-json\/wp\/v2\/product_brand?post=1446"},{"taxonomy":"product_cat","embeddable":true,"href":"https:\/\/xn--collectifenporte-pqb.com\/index.php\/wp-json\/wp\/v2\/product_cat?post=1446"},{"taxonomy":"product_tag","embeddable":true,"href":"https:\/\/xn--collectifenporte-pqb.com\/index.php\/wp-json\/wp\/v2\/product_tag?post=1446"}],"curies":[{"name":"wp","href":"https:\/\/api.w.org\/{rel}","templated":true}]}}