{"id":1424,"date":"2023-09-22T15:04:48","date_gmt":"2023-09-22T14:04:48","guid":{"rendered":"https:\/\/xn--collectifenporte-pqb.com\/?post_type=product&#038;p=1424"},"modified":"2023-10-03T10:10:07","modified_gmt":"2023-10-03T09:10:07","slug":"le-serpent","status":"publish","type":"product","link":"https:\/\/xn--collectifenporte-pqb.com\/index.php\/produit\/le-serpent\/","title":{"rendered":"Le Serpent"},"content":{"rendered":"<a class=\"maxbutton-15 maxbutton maxbutton-apercu-le-serpent\" href=\"https:\/\/xn--collectifenporte-pqb.com\/wp-content\/uploads\/2023\/09\/Bourgeois-T-Le-Serpent-copie.pdf\"><span class='mb-text'>Aper\u00e7u Le Serpent<\/span><\/a>\n<p>&nbsp;<\/p>\n<p>&nbsp;<\/p>\n<p><iframe loading=\"lazy\" src=\"https:\/\/w.soundcloud.com\/player\/?url=https%3A\/\/soundcloud.com\/tommy-bourgeois-659104356\/le-serpent?si=8946ec32147b4991995647b98d090a77&amp;utm_source=clipboard&amp;utm_medium=text&amp;utm_campaign=social_sharing&amp;auto_play=false&amp;hide_related=false&amp;show_comments=true&amp;show_user=true&amp;show_reposts=false&amp;visual=true\" width=\"100%\" height=\"auto\" frameborder=\"no\" scrolling=\"no\"><\/iframe><\/p>\n<div style=\"padding-bottom:20px; padding-top:10px;\" class=\"hupso-share-buttons\"><!-- Hupso Share Buttons - https:\/\/www.hupso.com\/share\/ --><a class=\"hupso_toolbar\" href=\"https:\/\/www.hupso.com\/share\/\"><img decoding=\"async\" src=\"https:\/\/static.hupso.com\/share\/buttons\/lang\/fr\/share-medium.png\" style=\"border:0px; padding-top: 5px; float:left;\" alt=\"Share Button\"\/><\/a><script type=\"text\/javascript\">var hupso_services_t=new Array(\"Twitter\",\"Facebook\",\"Pinterest\",\"Linkedin\",\"Tumblr\",\"Email\");var hupso_background_t=\"#EAF4FF\";var hupso_border_t=\"#66CCFF\";var hupso_toolbar_size_t=\"medium\";var hupso_image_folder_url = \"\";var hupso_url_t=\"\";var hupso_title_t=\"Le%20Serpent\";<\/script><script type=\"text\/javascript\" src=\"https:\/\/static.hupso.com\/share\/js\/share_toolbar.js\"><\/script><!-- Hupso Share Buttons --><\/div>","protected":false},"excerpt":{"rendered":"<p>Le prix comprend le conducteur et les parties s\u00e9par\u00e9es.<\/p>\n<div style=\"padding-bottom:20px; padding-top:10px;\" class=\"hupso-share-buttons\"><!-- Hupso Share Buttons - https:\/\/www.hupso.com\/share\/ --><a class=\"hupso_toolbar\" href=\"https:\/\/www.hupso.com\/share\/\"><img src=\"https:\/\/static.hupso.com\/share\/buttons\/lang\/fr\/share-medium.png\" style=\"border:0px; padding-top: 5px; float:left;\" alt=\"Share Button\"\/><\/a><script type=\"text\/javascript\">var hupso_services_t=new Array(\"Twitter\",\"Facebook\",\"Pinterest\",\"Linkedin\",\"Tumblr\",\"Email\");var hupso_background_t=\"#EAF4FF\";var hupso_border_t=\"#66CCFF\";var hupso_toolbar_size_t=\"medium\";var hupso_image_folder_url = \"\";var hupso_url_t=\"\";var hupso_title_t=\"Le%20Serpent\";<\/script><script type=\"text\/javascript\" src=\"https:\/\/static.hupso.com\/share\/js\/share_toolbar.js\"><\/script><!-- Hupso Share Buttons --><\/div>","protected":false},"author":1,"featured_media":1426,"comment_status":"closed","ping_status":"closed","template":"","meta":{"advgb_blocks_editor_width":"","advgb_blocks_columns_visual_guide":""},"product_brand":[],"product_cat":[35,37,41],"product_tag":[],"class_list":{"0":"post-1424","1":"product","2":"type-product","3":"status-publish","4":"has-post-thumbnail","6":"product_cat-composition","7":"product_cat-repertoire-musique-densemble-orchestre","8":"product_cat-toutes","10":"first","11":"instock","12":"downloadable","13":"taxable","14":"shipping-taxable","15":"purchasable","16":"product-type-simple"},"featured_img":"https:\/\/xn--collectifenporte-pqb.com\/wp-content\/uploads\/2023\/09\/PCSerpent.png","coauthors":[],"author_meta":{"author_link":"https:\/\/xn--collectifenporte-pqb.com\/index.php\/author\/admin1862\/","display_name":"admin1862"},"relative_dates":{"created":"Publi\u00e9 3 ans il y a","modified":"Mis \u00e0 jour 3 ans il y a"},"absolute_dates":{"created":"Publi\u00e9 le 22 septembre 2023","modified":"Mise \u00e0 jour le 3 octobre 2023"},"absolute_dates_time":{"created":"Publi\u00e9 le 22 septembre 2023 15 h 04 min","modified":"Mise \u00e0 jour le 3 octobre 2023 10 h 10 min"},"featured_img_caption":"","tax_additional":{"product_brand":{"linked":[],"unlinked":[],"slug":"product_brand","name":"Brands"},"product_type":{"linked":["<a href=\"https:\/\/xn--collectifenporte-pqb.com\/?taxonomy=product_type&#038;term=simple\" class=\"advgb-post-tax-term\">simple<\/a>"],"unlinked":["<span class=\"advgb-post-tax-term\">simple<\/span>"],"slug":"product_type","name":"Type de produit"},"product_visibility":{"linked":[],"unlinked":[],"slug":"product_visibility","name":"Visibilit\u00e9 du produit"},"product_cat":{"linked":["<a href=\"https:\/\/xn--collectifenporte-pqb.com\/index.php\/categorie-produit\/composition\/\" class=\"advgb-post-tax-term\">Composition<\/a>","<a href=\"https:\/\/xn--collectifenporte-pqb.com\/index.php\/categorie-produit\/repertoire-musique-densemble-orchestre\/\" class=\"advgb-post-tax-term\">R\u00e9pertoire musique d&#039;ensemble\/orchestre<\/a>","<a href=\"https:\/\/xn--collectifenporte-pqb.com\/index.php\/categorie-produit\/toutes\/\" class=\"advgb-post-tax-term\">Toutes<\/a>"],"unlinked":["<span class=\"advgb-post-tax-term\">Composition<\/span>","<span class=\"advgb-post-tax-term\">R\u00e9pertoire musique d&#039;ensemble\/orchestre<\/span>","<span class=\"advgb-post-tax-term\">Toutes<\/span>"],"slug":"product_cat","name":"Cat\u00e9gories de produits"},"product_tag":{"linked":[],"unlinked":[],"slug":"product_tag","name":"\u00c9tiquettes produit"},"product_shipping_class":{"linked":[],"unlinked":[],"slug":"product_shipping_class","name":"Classe d\u2019exp\u00e9dition du produit"}},"series_order":"","jetpack_sharing_enabled":true,"_links":{"self":[{"href":"https:\/\/xn--collectifenporte-pqb.com\/index.php\/wp-json\/wp\/v2\/product\/1424","targetHints":{"allow":["GET"]}}],"collection":[{"href":"https:\/\/xn--collectifenporte-pqb.com\/index.php\/wp-json\/wp\/v2\/product"}],"about":[{"href":"https:\/\/xn--collectifenporte-pqb.com\/index.php\/wp-json\/wp\/v2\/types\/product"}],"replies":[{"embeddable":true,"href":"https:\/\/xn--collectifenporte-pqb.com\/index.php\/wp-json\/wp\/v2\/comments?post=1424"}],"wp:featuredmedia":[{"embeddable":true,"href":"https:\/\/xn--collectifenporte-pqb.com\/index.php\/wp-json\/wp\/v2\/media\/1426"}],"wp:attachment":[{"href":"https:\/\/xn--collectifenporte-pqb.com\/index.php\/wp-json\/wp\/v2\/media?parent=1424"}],"wp:term":[{"taxonomy":"product_brand","embeddable":true,"href":"https:\/\/xn--collectifenporte-pqb.com\/index.php\/wp-json\/wp\/v2\/product_brand?post=1424"},{"taxonomy":"product_cat","embeddable":true,"href":"https:\/\/xn--collectifenporte-pqb.com\/index.php\/wp-json\/wp\/v2\/product_cat?post=1424"},{"taxonomy":"product_tag","embeddable":true,"href":"https:\/\/xn--collectifenporte-pqb.com\/index.php\/wp-json\/wp\/v2\/product_tag?post=1424"}],"curies":[{"name":"wp","href":"https:\/\/api.w.org\/{rel}","templated":true}]}}