{"id":1097,"date":"2021-05-06T17:31:30","date_gmt":"2021-05-06T16:31:30","guid":{"rendered":"https:\/\/xn--collectifenporte-pqb.com\/?post_type=product&#038;p=1097"},"modified":"2021-05-07T08:57:53","modified_gmt":"2021-05-07T07:57:53","slug":"les-fourberies-de-figaro","status":"publish","type":"product","link":"https:\/\/xn--collectifenporte-pqb.com\/index.php\/produit\/les-fourberies-de-figaro\/","title":{"rendered":"Les Fourberies de Figaro"},"content":{"rendered":"<p><img loading=\"lazy\" decoding=\"async\" class=\"alignnone size-full wp-image-1105\" src=\"https:\/\/xn--collectifenporte-pqb.com\/wp-content\/uploads\/2021\/05\/Page-2-copie-1.png\" alt=\"\" width=\"826\" height=\"1169\" srcset=\"https:\/\/xn--collectifenporte-pqb.com\/wp-content\/uploads\/2021\/05\/Page-2-copie-1.png 826w, https:\/\/xn--collectifenporte-pqb.com\/wp-content\/uploads\/2021\/05\/Page-2-copie-1-212x300.png 212w, https:\/\/xn--collectifenporte-pqb.com\/wp-content\/uploads\/2021\/05\/Page-2-copie-1-724x1024.png 724w, https:\/\/xn--collectifenporte-pqb.com\/wp-content\/uploads\/2021\/05\/Page-2-copie-1-768x1087.png 768w, https:\/\/xn--collectifenporte-pqb.com\/wp-content\/uploads\/2021\/05\/Page-2-copie-1-424x600.png 424w, https:\/\/xn--collectifenporte-pqb.com\/wp-content\/uploads\/2021\/05\/Page-2-copie-1-113x160.png 113w, https:\/\/xn--collectifenporte-pqb.com\/wp-content\/uploads\/2021\/05\/Page-2-copie-1-600x849.png 600w\" sizes=\"auto, (max-width: 826px) 100vw, 826px\" \/><\/p>\n<p><img loading=\"lazy\" decoding=\"async\" class=\"alignnone size-full wp-image-1106\" src=\"https:\/\/xn--collectifenporte-pqb.com\/wp-content\/uploads\/2021\/05\/Page-3.png\" alt=\"\" width=\"826\" height=\"1169\" srcset=\"https:\/\/xn--collectifenporte-pqb.com\/wp-content\/uploads\/2021\/05\/Page-3.png 826w, https:\/\/xn--collectifenporte-pqb.com\/wp-content\/uploads\/2021\/05\/Page-3-212x300.png 212w, https:\/\/xn--collectifenporte-pqb.com\/wp-content\/uploads\/2021\/05\/Page-3-724x1024.png 724w, https:\/\/xn--collectifenporte-pqb.com\/wp-content\/uploads\/2021\/05\/Page-3-768x1087.png 768w, https:\/\/xn--collectifenporte-pqb.com\/wp-content\/uploads\/2021\/05\/Page-3-424x600.png 424w, https:\/\/xn--collectifenporte-pqb.com\/wp-content\/uploads\/2021\/05\/Page-3-113x160.png 113w, https:\/\/xn--collectifenporte-pqb.com\/wp-content\/uploads\/2021\/05\/Page-3-600x849.png 600w\" sizes=\"auto, (max-width: 826px) 100vw, 826px\" \/><\/p>\n<p>&nbsp;<\/p>\n<p>Voici l\u2019\u0153uvre capt\u00e9e le 25 Avril 2021 au th\u00e9\u00e2tre Graslin de Angers Nantes Op\u00e9ra.<\/p>\n        <style>\r\n            #player1098{\r\n                max-width: 100%;\r\n                margin: 0 auto;\r\n            }\r\n                    <\/style>\r\n        <div>\r\n            <div id=\"player1098\">\r\n                <div class=\"plyr__video-embed embed-container\" id=\"player\">\r\n                    <iframe\r\n                        src=\"https:\/\/www.youtube.com\/embed\/https:\/\/www.youtube.com\/watch?v=q8zVmPd6fsA\"\r\n                        allowfullscreen\r\n                        allowtransparency\r\n                        allow=\"autoplay\"\r\n                    ><\/iframe>\r\n                <\/div>\r\n                <script type=\"text\/javascript\">\r\n                    const player1098 = new Plyr('#player1098 #player', {\r\n                        controls:[\"play-large\",\"play\",\"progress\",\"duration\",\"mute\",\"volume\",\"settings\",\"fullscreen\"],\r\n                        youtube: { noCookie: false, rel: 0, showinfo: 0, iv_load_policy: 3, modestbranding: 1, start: 0} \/\/pro \r\n                    });\r\n                <\/script>\r\n            <\/div>\r\n        <\/div>\r\n        \n<p>Cliquez sur le lien ci-dessous pour t\u00e9l\u00e9charger le dossier de pr\u00e9sentation complet.<\/p>\n<p><a href=\"https:\/\/xn--collectifenporte-pqb.com\/wp-content\/uploads\/2021\/05\/Dossier-de-presentation-des-Fourberies-de-Figaro.pdf\">Dossier de pr\u00e9sentation des Fourberies de Figaro<\/a><\/p>\n<div style=\"padding-bottom:20px; padding-top:10px;\" class=\"hupso-share-buttons\"><!-- Hupso Share Buttons - https:\/\/www.hupso.com\/share\/ --><a class=\"hupso_toolbar\" href=\"https:\/\/www.hupso.com\/share\/\"><img decoding=\"async\" src=\"https:\/\/static.hupso.com\/share\/buttons\/lang\/fr\/share-medium.png\" style=\"border:0px; padding-top: 5px; float:left;\" alt=\"Share Button\"\/><\/a><script type=\"text\/javascript\">var hupso_services_t=new Array(\"Twitter\",\"Facebook\",\"Pinterest\",\"Linkedin\",\"Tumblr\",\"Email\");var hupso_background_t=\"#EAF4FF\";var hupso_border_t=\"#66CCFF\";var hupso_toolbar_size_t=\"medium\";var hupso_image_folder_url = \"\";var hupso_url_t=\"\";var hupso_title_t=\"Les%20Fourberies%20de%20Figaro\";<\/script><script type=\"text\/javascript\" src=\"https:\/\/static.hupso.com\/share\/js\/share_toolbar.js\"><\/script><!-- Hupso Share Buttons --><\/div>","protected":false},"excerpt":{"rendered":"<p>Pour acheter cette partition, il est n\u00e9cessaire de contacter les transcripteurs en remplissant ce formulaire:<\/p>\n[contact-form-7 id=\"197\" title=\"Commander pi\u00e8ce 1\"]\n<div style=\"padding-bottom:20px; padding-top:10px;\" class=\"hupso-share-buttons\"><!-- Hupso Share Buttons - https:\/\/www.hupso.com\/share\/ --><a class=\"hupso_toolbar\" href=\"https:\/\/www.hupso.com\/share\/\"><img src=\"https:\/\/static.hupso.com\/share\/buttons\/lang\/fr\/share-medium.png\" style=\"border:0px; padding-top: 5px; float:left;\" alt=\"Share Button\"\/><\/a><script type=\"text\/javascript\">var hupso_services_t=new Array(\"Twitter\",\"Facebook\",\"Pinterest\",\"Linkedin\",\"Tumblr\",\"Email\");var hupso_background_t=\"#EAF4FF\";var hupso_border_t=\"#66CCFF\";var hupso_toolbar_size_t=\"medium\";var hupso_image_folder_url = \"\";var hupso_url_t=\"\";var hupso_title_t=\"Les%20Fourberies%20de%20Figaro\";<\/script><script type=\"text\/javascript\" src=\"https:\/\/static.hupso.com\/share\/js\/share_toolbar.js\"><\/script><!-- Hupso Share Buttons --><\/div>","protected":false},"author":1,"featured_media":1109,"comment_status":"open","ping_status":"closed","template":"","meta":{"advgb_blocks_editor_width":"","advgb_blocks_columns_visual_guide":""},"product_brand":[],"product_cat":[34,37,39,41],"product_tag":[],"class_list":{"0":"post-1097","1":"product","2":"type-product","3":"status-publish","4":"has-post-thumbnail","6":"product_cat-arrangement","7":"product_cat-repertoire-musique-densemble-orchestre","8":"product_cat-repertoire-vocal-2","9":"product_cat-toutes","11":"first","12":"instock","13":"product-type-simple"},"featured_img":"https:\/\/xn--collectifenporte-pqb.com\/wp-content\/uploads\/2021\/05\/Conducteur-A4.png","coauthors":[],"author_meta":{"author_link":"https:\/\/xn--collectifenporte-pqb.com\/index.php\/author\/admin1862\/","display_name":"admin1862"},"relative_dates":{"created":"Publi\u00e9 5 ans il y a","modified":"Mis \u00e0 jour 5 ans il y a"},"absolute_dates":{"created":"Publi\u00e9 le 6 mai 2021","modified":"Mise \u00e0 jour le 7 mai 2021"},"absolute_dates_time":{"created":"Publi\u00e9 le 6 mai 2021 17 h 31 min","modified":"Mise \u00e0 jour le 7 mai 2021 8 h 57 min"},"featured_img_caption":"","tax_additional":{"product_brand":{"linked":[],"unlinked":[],"slug":"product_brand","name":"Brands"},"product_type":{"linked":["<a href=\"https:\/\/xn--collectifenporte-pqb.com\/?taxonomy=product_type&#038;term=simple\" class=\"advgb-post-tax-term\">simple<\/a>"],"unlinked":["<span class=\"advgb-post-tax-term\">simple<\/span>"],"slug":"product_type","name":"Type de produit"},"product_visibility":{"linked":[],"unlinked":[],"slug":"product_visibility","name":"Visibilit\u00e9 du produit"},"product_cat":{"linked":["<a href=\"https:\/\/xn--collectifenporte-pqb.com\/index.php\/categorie-produit\/arrangement\/\" class=\"advgb-post-tax-term\">Arrangement<\/a>","<a href=\"https:\/\/xn--collectifenporte-pqb.com\/index.php\/categorie-produit\/repertoire-musique-densemble-orchestre\/\" class=\"advgb-post-tax-term\">R\u00e9pertoire musique d&#039;ensemble\/orchestre<\/a>","<a href=\"https:\/\/xn--collectifenporte-pqb.com\/index.php\/categorie-produit\/repertoire-vocal-2\/\" class=\"advgb-post-tax-term\">R\u00e9pertoire Vocal<\/a>","<a href=\"https:\/\/xn--collectifenporte-pqb.com\/index.php\/categorie-produit\/toutes\/\" class=\"advgb-post-tax-term\">Toutes<\/a>"],"unlinked":["<span class=\"advgb-post-tax-term\">Arrangement<\/span>","<span class=\"advgb-post-tax-term\">R\u00e9pertoire musique d&#039;ensemble\/orchestre<\/span>","<span class=\"advgb-post-tax-term\">R\u00e9pertoire Vocal<\/span>","<span class=\"advgb-post-tax-term\">Toutes<\/span>"],"slug":"product_cat","name":"Cat\u00e9gories de produits"},"product_tag":{"linked":[],"unlinked":[],"slug":"product_tag","name":"\u00c9tiquettes produit"},"product_shipping_class":{"linked":[],"unlinked":[],"slug":"product_shipping_class","name":"Classe d\u2019exp\u00e9dition du produit"}},"series_order":"","jetpack_sharing_enabled":true,"_links":{"self":[{"href":"https:\/\/xn--collectifenporte-pqb.com\/index.php\/wp-json\/wp\/v2\/product\/1097","targetHints":{"allow":["GET"]}}],"collection":[{"href":"https:\/\/xn--collectifenporte-pqb.com\/index.php\/wp-json\/wp\/v2\/product"}],"about":[{"href":"https:\/\/xn--collectifenporte-pqb.com\/index.php\/wp-json\/wp\/v2\/types\/product"}],"replies":[{"embeddable":true,"href":"https:\/\/xn--collectifenporte-pqb.com\/index.php\/wp-json\/wp\/v2\/comments?post=1097"}],"wp:featuredmedia":[{"embeddable":true,"href":"https:\/\/xn--collectifenporte-pqb.com\/index.php\/wp-json\/wp\/v2\/media\/1109"}],"wp:attachment":[{"href":"https:\/\/xn--collectifenporte-pqb.com\/index.php\/wp-json\/wp\/v2\/media?parent=1097"}],"wp:term":[{"taxonomy":"product_brand","embeddable":true,"href":"https:\/\/xn--collectifenporte-pqb.com\/index.php\/wp-json\/wp\/v2\/product_brand?post=1097"},{"taxonomy":"product_cat","embeddable":true,"href":"https:\/\/xn--collectifenporte-pqb.com\/index.php\/wp-json\/wp\/v2\/product_cat?post=1097"},{"taxonomy":"product_tag","embeddable":true,"href":"https:\/\/xn--collectifenporte-pqb.com\/index.php\/wp-json\/wp\/v2\/product_tag?post=1097"}],"curies":[{"name":"wp","href":"https:\/\/api.w.org\/{rel}","templated":true}]}}