{"id":899,"date":"2020-04-04T14:08:59","date_gmt":"2020-04-04T13:08:59","guid":{"rendered":"http:\/\/xn--collectifenporte-pqb.com\/index.php\/panier\/"},"modified":"2020-04-04T14:10:14","modified_gmt":"2020-04-04T13:10:14","slug":"panier","status":"publish","type":"page","link":"https:\/\/xn--collectifenporte-pqb.com\/index.php\/panier\/","title":{"rendered":"Panier"},"content":{"rendered":"<div style=\"padding-bottom:20px; padding-top:10px;\" class=\"hupso-share-buttons\"><!-- Hupso Share Buttons - https:\/\/www.hupso.com\/share\/ --><a class=\"hupso_toolbar\" href=\"https:\/\/www.hupso.com\/share\/\"><img decoding=\"async\" src=\"https:\/\/static.hupso.com\/share\/buttons\/lang\/fr\/share-medium.png\" style=\"border:0px; padding-top: 5px; float:left;\" alt=\"Share Button\"\/><\/a><script type=\"text\/javascript\">var hupso_services_t=new Array(\"Twitter\",\"Facebook\",\"Pinterest\",\"Linkedin\",\"Tumblr\",\"Email\");var hupso_background_t=\"#EAF4FF\";var hupso_border_t=\"#66CCFF\";var hupso_toolbar_size_t=\"medium\";var hupso_image_folder_url = \"\";var hupso_url_t=\"\";var hupso_title_t=\"Panier\";<\/script><script type=\"text\/javascript\" src=\"https:\/\/static.hupso.com\/share\/js\/share_toolbar.js\"><\/script><!-- Hupso Share Buttons --><\/div>","protected":false},"excerpt":{"rendered":"<div style=\"padding-bottom:20px; padding-top:10px;\" class=\"hupso-share-buttons\"><!-- Hupso Share Buttons - https:\/\/www.hupso.com\/share\/ --><a class=\"hupso_toolbar\" href=\"https:\/\/www.hupso.com\/share\/\"><img src=\"https:\/\/static.hupso.com\/share\/buttons\/lang\/fr\/share-medium.png\" style=\"border:0px; padding-top: 5px; float:left;\" alt=\"Share Button\"\/><\/a><script type=\"text\/javascript\">var hupso_services_t=new Array(\"Twitter\",\"Facebook\",\"Pinterest\",\"Linkedin\",\"Tumblr\",\"Email\");var hupso_background_t=\"#EAF4FF\";var hupso_border_t=\"#66CCFF\";var hupso_toolbar_size_t=\"medium\";var hupso_image_folder_url = \"\";var hupso_url_t=\"\";var hupso_title_t=\"Panier\";<\/script><script type=\"text\/javascript\" src=\"https:\/\/static.hupso.com\/share\/js\/share_toolbar.js\"><\/script><!-- Hupso Share Buttons --><\/div>","protected":false},"author":1,"featured_media":0,"parent":0,"menu_order":9,"comment_status":"closed","ping_status":"closed","template":"","meta":{"advgb_blocks_editor_width":"","advgb_blocks_columns_visual_guide":"","footnotes":""},"class_list":["post-899","page","type-page","status-publish"],"coauthors":[],"author_meta":{"author_link":"https:\/\/xn--collectifenporte-pqb.com\/index.php\/author\/admin1862\/","display_name":"admin1862"},"relative_dates":{"created":"Publi\u00e9 6 ans il y a","modified":"Mis \u00e0 jour 6 ans il y a"},"absolute_dates":{"created":"Publi\u00e9 le 4 avril 2020","modified":"Mise \u00e0 jour le 4 avril 2020"},"absolute_dates_time":{"created":"Publi\u00e9 le 4 avril 2020 14 h 08 min","modified":"Mise \u00e0 jour le 4 avril 2020 14 h 10 min"},"featured_img_caption":"","featured_img":false,"series_order":"","jetpack_sharing_enabled":true,"_links":{"self":[{"href":"https:\/\/xn--collectifenporte-pqb.com\/index.php\/wp-json\/wp\/v2\/pages\/899","targetHints":{"allow":["GET"]}}],"collection":[{"href":"https:\/\/xn--collectifenporte-pqb.com\/index.php\/wp-json\/wp\/v2\/pages"}],"about":[{"href":"https:\/\/xn--collectifenporte-pqb.com\/index.php\/wp-json\/wp\/v2\/types\/page"}],"author":[{"embeddable":true,"href":"https:\/\/xn--collectifenporte-pqb.com\/index.php\/wp-json\/wp\/v2\/users\/1"}],"replies":[{"embeddable":true,"href":"https:\/\/xn--collectifenporte-pqb.com\/index.php\/wp-json\/wp\/v2\/comments?post=899"}],"version-history":[{"count":1,"href":"https:\/\/xn--collectifenporte-pqb.com\/index.php\/wp-json\/wp\/v2\/pages\/899\/revisions"}],"predecessor-version":[{"id":903,"href":"https:\/\/xn--collectifenporte-pqb.com\/index.php\/wp-json\/wp\/v2\/pages\/899\/revisions\/903"}],"wp:attachment":[{"href":"https:\/\/xn--collectifenporte-pqb.com\/index.php\/wp-json\/wp\/v2\/media?parent=899"}],"curies":[{"name":"wp","href":"https:\/\/api.w.org\/{rel}","templated":true}]}}