{"id":416,"date":"2018-08-15T10:57:02","date_gmt":"2018-08-15T09:57:02","guid":{"rendered":"http:\/\/xn--collectifenporte-pqb.com\/?page_id=416"},"modified":"2021-05-07T09:00:30","modified_gmt":"2021-05-07T08:00:30","slug":"oeuvres","status":"publish","type":"page","link":"https:\/\/xn--collectifenporte-pqb.com\/index.php\/25-2\/collaboration-seniabourgeois\/oeuvres\/","title":{"rendered":"Oeuvres"},"content":{"rendered":"<div class=\"eds-animate edsanimate-sis-hidden \" data-eds-entry-animation=\"slideInUp\" data-eds-entry-delay=\"0\" data-eds-entry-duration=\"0.5\" data-eds-entry-timing=\"linear\" data-eds-exit-animation=\"\" data-eds-exit-delay=\"\" data-eds-exit-duration=\"\" data-eds-exit-timing=\"\" data-eds-repeat-count=\"1\" data-eds-keep=\"yes\" data-eds-animate-on=\"load\" data-eds-scroll-offset=\"\">\n<p>Les compositions:<\/p>\n<ul>\n<li><a href=\"https:\/\/collectifenport\u00e9e.com\/index.php\/produit\/1916-un-ete-et-une-moitie-dautomne\/\"><em>1916&#8230;Un \u00e9t\u00e9 et une moiti\u00e9 d&rsquo;automne&#8230;<\/em> <\/a>hommage \u00e0 la bataille de la Somme sur des textes de Pierre Garnier, compos\u00e9 pour choeur d&rsquo;enfants, quatuor \u00e0 cordes, harpe et com\u00e9diens<\/li>\n<li><em>The Galactic conquest<\/em>, concerto pour saxophone et orchestre d&rsquo;harmonie cr\u00e9\u00e9 par Romain Chaumont<\/li>\n<li><a href=\"https:\/\/collectifenport\u00e9e.com\/index.php\/produit\/pourquoy-mas-tu-vendu-jeunesse\/\"><em>Pourquoi m&rsquo;as tu vendu jeunesse<\/em><\/a>, pour choeur d&rsquo;homme \u00e0 cappella sur un texte de Charles d&rsquo;Orl\u00e9ans<\/li>\n<li><em>Symphonic Electric<\/em>, mouvement lent pour orchestre de second cycle<\/li>\n<\/ul>\n<p>Les arrangements:<\/p>\n<ul>\n<li><a href=\"https:\/\/collectifenport\u00e9e.com\/index.php\/produit\/praeludium-and-allegro\/\"><em>Pr\u00e9lude et Allegro de F.Kreisler<\/em><\/a>, pour quintette \u00e0 cordes et violon solo<\/li>\n<li><a href=\"https:\/\/collectifenport\u00e9e.com\/index.php\/produit\/golliwogs-cakewalk-debussy\/\"><em>Golliwogg&rsquo;s cake walk<\/em><\/a> de C.Debussy, pour quatuor de saxophones et harpe<\/li>\n<li><a href=\"https:\/\/collectifenport\u00e9e.com\/index.php\/produit\/vier-quartette-op-92\/\"><em>Vier Quartette, op. 92 de J.Brahms<\/em>,<\/a> pour choeur mixte et quatuor \u00e0 cordes<\/li>\n<li><a href=\"https:\/\/www.deezer.com\/fr\/album\/12733136\"><em>N\u00b06<\/em>, extrait de l&rsquo;album Belle \u00e9poque (chansons swing)<\/a><\/li>\n<li><a href=\"https:\/\/www.deezer.com\/fr\/album\/47254742\"><em>Romance de mon enfance de F.Lai<\/em>,<\/a> r\u00e9duction pour piano et mandoline (pas en vente)<\/li>\n<li><em>Concerto pour Violoncelle de V.Beer-Demander,<\/em> r\u00e9duction pour piano et violoncelle (pas en vente)<\/li>\n<li><a href=\"https:\/\/collectifenport\u00e9e.com\/index.php\/produit\/concerto-n2-en-sol\/\"><em>Concerto en Sol mineur de S.Prokofiev<\/em><\/a>, arrangement pour quintette \u00e0 vents, quintette \u00e0 cordes, percussions et piano solo<\/li>\n<li><em>Le Tor\u00e9ador de A.Adam<\/em>, arrang\u00e9 pour double quintette (vents et cordes) et chanteurs<\/li>\n<li><em>Les Aventures de Papageno<\/em> (<a href=\"https:\/\/www.angers-nantes-opera.com\/accueil\/un-automne-avec-mozart\/les-aventures-de-papageno\">La fl\u00fbte enchant\u00e9e de W-A.Mozart,\u00a0arrang\u00e9 pour double quintette (vents et cordes)\u00a0et chanteurs<\/a>)<\/li>\n<li><a href=\"https:\/\/xn--collectifenporte-pqb.com\/index.php\/produit\/les-fourberies-de-figaro\/\"><em>Les Fourberies de Figaro<\/em><\/a>, arrangement du Barbier de S\u00e9ville de Rossini pour 11 musiciens et 5 chanteurs<\/li>\n<\/ul>\n<p>&nbsp;<\/p>\n<p>Musiques de sc\u00e8ne:<\/p>\n<ul>\n<li><a href=\"https:\/\/collectifenport\u00e9e.com\/index.php\/produit\/chanson-de-supermarche-atrium\/\"><em>\u00ab\u00a0Atrium<\/em>\u00ab\u00a0<\/a> \u00a0pour \u00ab\u00a0audition-comp\u00e9tition\u00a0\u00bb mise en sc\u00e8ne par Arpad Shilling<\/li>\n<\/ul>\n<p>&nbsp;<\/p>\n<\/div>\n<p>&nbsp;<\/p>\n<div style=\"padding-bottom:20px; padding-top:10px;\" class=\"hupso-share-buttons\"><!-- Hupso Share Buttons - https:\/\/www.hupso.com\/share\/ --><a class=\"hupso_toolbar\" href=\"https:\/\/www.hupso.com\/share\/\"><img decoding=\"async\" src=\"https:\/\/static.hupso.com\/share\/buttons\/lang\/fr\/share-medium.png\" style=\"border:0px; padding-top: 5px; float:left;\" alt=\"Share Button\"\/><\/a><script type=\"text\/javascript\">var hupso_services_t=new Array(\"Twitter\",\"Facebook\",\"Pinterest\",\"Linkedin\",\"Tumblr\",\"Email\");var hupso_background_t=\"#EAF4FF\";var hupso_border_t=\"#66CCFF\";var hupso_toolbar_size_t=\"medium\";var hupso_image_folder_url = \"\";var hupso_url_t=\"\";var hupso_title_t=\"Oeuvres\";<\/script><script type=\"text\/javascript\" src=\"https:\/\/static.hupso.com\/share\/js\/share_toolbar.js\"><\/script><!-- Hupso Share Buttons --><\/div>","protected":false},"excerpt":{"rendered":"<p>Les compositions: 1916&#8230;Un \u00e9t\u00e9 et une moiti\u00e9 d&rsquo;automne&#8230; hommage \u00e0 la bataille de la Somme sur des textes de Pierre Garnier, compos\u00e9 pour choeur d&rsquo;enfants, quatuor \u00e0 cordes, harpe et com\u00e9diens The Galactic conquest, concerto pour saxophone et orchestre d&rsquo;harmonie cr\u00e9\u00e9 par Romain Chaumont Pourquoi m&rsquo;as tu vendu jeunesse, pour choeur d&rsquo;homme \u00e0 cappella sur &#8230; <a title=\"Oeuvres\" class=\"read-more\" href=\"https:\/\/xn--collectifenporte-pqb.com\/index.php\/25-2\/collaboration-seniabourgeois\/oeuvres\/\" aria-label=\"En savoir plus sur Oeuvres\">Lire la suite<\/a><\/p>\n<div style=\"padding-bottom:20px; padding-top:10px;\" class=\"hupso-share-buttons\"><!-- Hupso Share Buttons - https:\/\/www.hupso.com\/share\/ --><a class=\"hupso_toolbar\" href=\"https:\/\/www.hupso.com\/share\/\"><img src=\"https:\/\/static.hupso.com\/share\/buttons\/lang\/fr\/share-medium.png\" style=\"border:0px; padding-top: 5px; float:left;\" alt=\"Share Button\"\/><\/a><script type=\"text\/javascript\">var hupso_services_t=new Array(\"Twitter\",\"Facebook\",\"Pinterest\",\"Linkedin\",\"Tumblr\",\"Email\");var hupso_background_t=\"#EAF4FF\";var hupso_border_t=\"#66CCFF\";var hupso_toolbar_size_t=\"medium\";var hupso_image_folder_url = \"\";var hupso_url_t=\"\";var hupso_title_t=\"Oeuvres\";<\/script><script type=\"text\/javascript\" src=\"https:\/\/static.hupso.com\/share\/js\/share_toolbar.js\"><\/script><!-- Hupso Share Buttons --><\/div>","protected":false},"author":1,"featured_media":0,"parent":130,"menu_order":0,"comment_status":"closed","ping_status":"closed","template":"","meta":{"advgb_blocks_editor_width":"","advgb_blocks_columns_visual_guide":"","footnotes":""},"class_list":["post-416","page","type-page","status-publish"],"coauthors":[],"author_meta":{"author_link":"https:\/\/xn--collectifenporte-pqb.com\/index.php\/author\/admin1862\/","display_name":"admin1862"},"relative_dates":{"created":"Publi\u00e9 8 ans il y a","modified":"Mis \u00e0 jour 5 ans il y a"},"absolute_dates":{"created":"Publi\u00e9 le 15 ao\u00fbt 2018","modified":"Mise \u00e0 jour le 7 mai 2021"},"absolute_dates_time":{"created":"Publi\u00e9 le 15 ao\u00fbt 2018 10 h 57 min","modified":"Mise \u00e0 jour le 7 mai 2021 9 h 00 min"},"featured_img_caption":"","featured_img":false,"series_order":"","jetpack_sharing_enabled":true,"_links":{"self":[{"href":"https:\/\/xn--collectifenporte-pqb.com\/index.php\/wp-json\/wp\/v2\/pages\/416","targetHints":{"allow":["GET"]}}],"collection":[{"href":"https:\/\/xn--collectifenporte-pqb.com\/index.php\/wp-json\/wp\/v2\/pages"}],"about":[{"href":"https:\/\/xn--collectifenporte-pqb.com\/index.php\/wp-json\/wp\/v2\/types\/page"}],"author":[{"embeddable":true,"href":"https:\/\/xn--collectifenporte-pqb.com\/index.php\/wp-json\/wp\/v2\/users\/1"}],"replies":[{"embeddable":true,"href":"https:\/\/xn--collectifenporte-pqb.com\/index.php\/wp-json\/wp\/v2\/comments?post=416"}],"version-history":[{"count":26,"href":"https:\/\/xn--collectifenporte-pqb.com\/index.php\/wp-json\/wp\/v2\/pages\/416\/revisions"}],"predecessor-version":[{"id":1111,"href":"https:\/\/xn--collectifenporte-pqb.com\/index.php\/wp-json\/wp\/v2\/pages\/416\/revisions\/1111"}],"up":[{"embeddable":true,"href":"https:\/\/xn--collectifenporte-pqb.com\/index.php\/wp-json\/wp\/v2\/pages\/130"}],"wp:attachment":[{"href":"https:\/\/xn--collectifenporte-pqb.com\/index.php\/wp-json\/wp\/v2\/media?parent=416"}],"curies":[{"name":"wp","href":"https:\/\/api.w.org\/{rel}","templated":true}]}}