{"id":36,"date":"2016-09-01T09:40:38","date_gmt":"2016-09-01T08:40:38","guid":{"rendered":"http:\/\/xn--collectifenporte-pqb.com\/?page_id=36"},"modified":"2021-06-01T08:55:22","modified_gmt":"2021-06-01T07:55:22","slug":"senia-florent","status":"publish","type":"page","link":"https:\/\/xn--collectifenporte-pqb.com\/index.php\/25-2\/senia-florent\/","title":{"rendered":"S\u00e9nia Florent"},"content":{"rendered":"<div class=\"eds-animate edsanimate-sis-hidden \" data-eds-entry-animation=\"slideInUp\" data-eds-entry-delay=\"0\" data-eds-entry-duration=\"1\" data-eds-entry-timing=\"linear\" data-eds-exit-animation=\"\" data-eds-exit-delay=\"\" data-eds-exit-duration=\"\" data-eds-exit-timing=\"\" data-eds-repeat-count=\"1\" data-eds-keep=\"yes\" data-eds-animate-on=\"load\" data-eds-scroll-offset=\"\">\n<p>&nbsp;<\/p>\n<p><span style=\"font-family: Arial, serif;\"><span style=\"font-size: small;\"><img loading=\"lazy\" decoding=\"async\" class=\"wp-image-427 alignleft\" src=\"http:\/\/xn--collectifenporte-pqb.com\/wp-content\/uploads\/2018\/10\/photo-Flo.png\" alt=\"\" width=\"180\" height=\"179\" srcset=\"https:\/\/xn--collectifenporte-pqb.com\/wp-content\/uploads\/2018\/10\/photo-Flo.png 2228w, https:\/\/xn--collectifenporte-pqb.com\/wp-content\/uploads\/2018\/10\/photo-Flo-300x300.png 300w, https:\/\/xn--collectifenporte-pqb.com\/wp-content\/uploads\/2018\/10\/photo-Flo-100x100.png 100w, https:\/\/xn--collectifenporte-pqb.com\/wp-content\/uploads\/2018\/10\/photo-Flo-600x598.png 600w, https:\/\/xn--collectifenporte-pqb.com\/wp-content\/uploads\/2018\/10\/photo-Flo-150x150.png 150w, https:\/\/xn--collectifenporte-pqb.com\/wp-content\/uploads\/2018\/10\/photo-Flo-768x765.png 768w, https:\/\/xn--collectifenporte-pqb.com\/wp-content\/uploads\/2018\/10\/photo-Flo-1024x1020.png 1024w, https:\/\/xn--collectifenporte-pqb.com\/wp-content\/uploads\/2018\/10\/photo-Flo-270x270.png 270w, https:\/\/xn--collectifenporte-pqb.com\/wp-content\/uploads\/2018\/10\/photo-Flo-80x80.png 80w, https:\/\/xn--collectifenporte-pqb.com\/wp-content\/uploads\/2018\/10\/photo-Flo-161x160.png 161w\" sizes=\"auto, (max-width: 180px) 100vw, 180px\" \/><\/span><\/span><\/p>\n<p style=\"text-align: left;\">N\u00e9 en 1985 \u00e0 Nancy, <strong>Florent S\u00e9nia<\/strong> commence le piano \u00e0 l\u2019\u00e2ge de 7 ans. Il obtient son D.E.M. de Piano en 2006 au <a href=\"https:\/\/conservatoire.grandnancy.eu\/accueil\">C.R.R. de Nancy<\/a>, mais \u00e9galement celui de Formation Musicale en 2008 au sein duquel il se perfectionne en Ecriture et en Analyse.<\/p>\n<p>Fort d\u2019un \u00e9clectisme et d\u2019une ouverture musicale, il int\u00e8gre en 2005 le cursus de \u00ab\u00a0Musique traditionnelle des Balkans\u00a0\u00bb, et celui de \u00ab\u00a0Musique \u00e0 improviser\u00a0\u00bb au <a href=\"https:\/\/www.conservatoire.strasbourg.eu\/\">CRR de Strasbourg<\/a>, ce qui l\u2019am\u00e8ne \u00e0 vivre de nouvelles exp\u00e9riences musicales pendant quelques ann\u00e9es au sein de diff\u00e9rents groupes de musiques actuelles.<\/p>\n<p><strong>Florent S\u00e9nia<\/strong> r\u00e9ussit en 2008 le concours d\u2019entr\u00e9e au <a href=\"http:\/\/www.cnsmd-lyon.fr\/\">CNSMD de Lyon<\/a> dans les classes de Lo\u00efc Malli\u00e9, G\u00e9rard Geay, Patrice Br\u00e9fort et David Chappuis. Il perfectionne ainsi sa technique d\u2019\u00e9criture, d&rsquo;orchestration et de langage des styles, mais s\u2019ouvre \u00e9galement \u00e0 la composition\u00a0: ce qui l\u2019am\u00e8ne \u00e0 participer \u00e0 de nombreux projets tels que la composition des bandes originales de courts-m\u00e9trages du jeune r\u00e9alisateur Alexis Barbosa (\u00ab<a href=\"https:\/\/www.youtube.com\/watch?v=UokzfJapK_U\">\u00a0Le collectionneur de cris\u00a0<\/a>\u00bb en 2011 qui obtient le 1er\u00a0 Prix au Concours R\u00e9gional du C.R.O.U.S. et le 2\u00e8me Prix lors de la s\u00e9lection nationale, ainsi que le Prix du Public du 11\u00e8me Festival de Court-M\u00e9trage en Lussacais, \u00ab Bloody Mary \u00bb en 2012 diffus\u00e9 dans plusieurs festivals internationaux, et \u00ab\u00a0<a href=\"https:\/\/www.youtube.com\/watch?v=sVMM176O9ko\">Mona<\/a>\u00ab\u00a0&#8230;).<\/p>\n<p>Il collabore r\u00e9guli\u00e8rement avec les \u00e9tudiants du CNSMDL tel que Nicolas Parisot pour qui il compose un ch\u0153ur destin\u00e9 \u00e0 la chorale Arp\u00e8ge en 2012, mais aussi avec l\u2019ENSATT o\u00f9 il a notamment\u00a0particip\u00e9 \u00e0 la composition de la pi\u00e8ce de th\u00e9\u00e2tre \u00ab\u00a0<a href=\"https:\/\/www.theatre-contemporain.net\/video\/Audition-Competition\">Comp\u00e9tition<\/a>\u00a0\u00bbmise en sc\u00e8ne par <a href=\"https:\/\/www.theatre-contemporain.net\/biographies\/Arpad-Schilling\">Arpad Shilling<\/a> en 2012, et jou\u00e9 \u00e0 la Cartoucherie de Paris. C&rsquo;est d&rsquo;ailleurs \u00e0 cette occasion qu&rsquo;il d\u00e9bute sa <a href=\"http:\/\/xn--collectifenporte-pqb.com\/index.php\/25-2\/collaboration-seniabourgeois\/\">collaboration avec <strong>Tommy Bourgeois<\/strong>.<\/a><\/p>\n<p>Depuis 2016, sa collaboration avec le jeune acteur et metteur en sc\u00e8ne Adrian Guitton, form\u00e9 au <i>Cours Florent<\/i> mais \u00e9galement au <i>Studio-Th\u00e9\u00e2tre d&rsquo;Asni\u00e8res<\/i> lui\u00a0\u00e0 permis de travaill\u00e9 sur deux projets cons\u00e9cutifs :\u00a0<i>Une saison en enfer<\/i>\u00a0d\u2019Arthur Rimbaud\u00a0(adaptation des textes du recueil) \u00e9labor\u00e9 dans les murs du <i>Studio-Th\u00e9\u00e2tre d&rsquo;Asni\u00e8res <\/i>en titre de \u00ab\u00a0carte blanche\u00a0\u00bb et\u00a0<i><a href=\"https:\/\/www.theatre-contemporain.net\/spectacles\/L-Aile-dechiree\/\">L\u2019aile d\u00e9chir\u00e9<\/a>e<\/i>\u00a0cr\u00e9e au th\u00e9\u00e2tre de l\u2019Ath\u00e9n\u00e9e \u00e0 Paris, fin 2017<\/p>\n<p>&nbsp;<\/p>\n<p><strong><a class=\"maxbutton-5 maxbutton maxbutton-decouvrir-flo\" href=\"https:\/\/collectifenport\u00e9e.com\/index.php\/25-2\/senia-florent\/oeuvres-de-florent-senia\/\"><span class='mb-text'>D\u00e9couvrir ses oeuvres et projets<\/span><\/a><\/strong><\/p>\n<p>&nbsp;<\/p>\n<p>C&rsquo;est \u00e9galement en qualit\u00e9 d&rsquo;accompagnateur pianiste que Florent S\u00e9nia suit <a href=\"https:\/\/www.billetreduc.com\/229453\/evt.htm\">\u00ab\u00a0les S\u0153urs Papilles\u00a0\u00bb<\/a>, duo de com\u00e9diennes\/ chanteuses, sur un spectacle \u00e9crit, compos\u00e9 et mise en sc\u00e8ne par Jean-Marie S\u00e9nia : <em><a href=\"https:\/\/www.ticketac.com\/spectacles\/le-voyage-musical-des-soeurs-papilles.htm\">Le voyage des\u00a0S\u0153urs Papilles<\/a>.\u00a0\u00a0<\/em><\/p>\n<p align=\"justify\">La p\u00e9dagogie joue \u00e9galement un r\u00f4le important dans le parcours professionnel de Florent S\u00e9nia. Etant titulaire du C.A d&rsquo;\u00e9criture, il enseigne actuellement au <a href=\"http:\/\/www.etampois-sudessonne.fr\/fr\/information\/4158\/le-conservatoire-rayonnement-intercommunal\">C.R.I du sud Essonne<\/a> en tant que professeur de F.M, d&rsquo;\u00e9criture\/Analyse, de composition et de \u00ab\u00a0Musique de chambre\u00a0\u00bb\/Petits ensembles non dirig\u00e9s. Il intervient \u00e9galement \u00e0 la Facult\u00e9 de la Sorbonne, \u00e0 Paris, dans l&rsquo;enseignement de TD d&rsquo;\u00e9criture.<\/p>\n<\/div>\n<div style=\"padding-bottom:20px; padding-top:10px;\" class=\"hupso-share-buttons\"><!-- Hupso Share Buttons - https:\/\/www.hupso.com\/share\/ --><a class=\"hupso_toolbar\" href=\"https:\/\/www.hupso.com\/share\/\"><img decoding=\"async\" src=\"https:\/\/static.hupso.com\/share\/buttons\/lang\/fr\/share-medium.png\" style=\"border:0px; padding-top: 5px; float:left;\" alt=\"Share Button\"\/><\/a><script type=\"text\/javascript\">var hupso_services_t=new Array(\"Twitter\",\"Facebook\",\"Pinterest\",\"Linkedin\",\"Tumblr\",\"Email\");var hupso_background_t=\"#EAF4FF\";var hupso_border_t=\"#66CCFF\";var hupso_toolbar_size_t=\"medium\";var hupso_image_folder_url = \"\";var hupso_url_t=\"\";var hupso_title_t=\"S%C3%A9nia%20Florent\";<\/script><script type=\"text\/javascript\" src=\"https:\/\/static.hupso.com\/share\/js\/share_toolbar.js\"><\/script><!-- Hupso Share Buttons --><\/div>","protected":false},"excerpt":{"rendered":"<p>&nbsp; N\u00e9 en 1985 \u00e0 Nancy, Florent S\u00e9nia commence le piano \u00e0 l\u2019\u00e2ge de 7 ans. Il obtient son D.E.M. de Piano en 2006 au C.R.R. de Nancy, mais \u00e9galement celui de Formation Musicale en 2008 au sein duquel il se perfectionne en Ecriture et en Analyse. Fort d\u2019un \u00e9clectisme et d\u2019une ouverture musicale, il &#8230; <a title=\"S\u00e9nia Florent\" class=\"read-more\" href=\"https:\/\/xn--collectifenporte-pqb.com\/index.php\/25-2\/senia-florent\/\" aria-label=\"En savoir plus sur S\u00e9nia Florent\">Lire la suite<\/a><\/p>\n<div style=\"padding-bottom:20px; padding-top:10px;\" class=\"hupso-share-buttons\"><!-- Hupso Share Buttons - https:\/\/www.hupso.com\/share\/ --><a class=\"hupso_toolbar\" href=\"https:\/\/www.hupso.com\/share\/\"><img src=\"https:\/\/static.hupso.com\/share\/buttons\/lang\/fr\/share-medium.png\" style=\"border:0px; padding-top: 5px; float:left;\" alt=\"Share Button\"\/><\/a><script type=\"text\/javascript\">var hupso_services_t=new Array(\"Twitter\",\"Facebook\",\"Pinterest\",\"Linkedin\",\"Tumblr\",\"Email\");var hupso_background_t=\"#EAF4FF\";var hupso_border_t=\"#66CCFF\";var hupso_toolbar_size_t=\"medium\";var hupso_image_folder_url = \"\";var hupso_url_t=\"\";var hupso_title_t=\"S%C3%A9nia%20Florent\";<\/script><script type=\"text\/javascript\" src=\"https:\/\/static.hupso.com\/share\/js\/share_toolbar.js\"><\/script><!-- Hupso Share Buttons --><\/div>","protected":false},"author":1,"featured_media":0,"parent":25,"menu_order":0,"comment_status":"closed","ping_status":"closed","template":"","meta":{"advgb_blocks_editor_width":"","advgb_blocks_columns_visual_guide":"","footnotes":""},"class_list":["post-36","page","type-page","status-publish"],"coauthors":[],"author_meta":{"author_link":"https:\/\/xn--collectifenporte-pqb.com\/index.php\/author\/admin1862\/","display_name":"admin1862"},"relative_dates":{"created":"Publi\u00e9 10 ans il y a","modified":"Mis \u00e0 jour 5 ans il y a"},"absolute_dates":{"created":"Publi\u00e9 le 1 septembre 2016","modified":"Mise \u00e0 jour le 1 juin 2021"},"absolute_dates_time":{"created":"Publi\u00e9 le 1 septembre 2016 9 h 40 min","modified":"Mise \u00e0 jour le 1 juin 2021 8 h 55 min"},"featured_img_caption":"","featured_img":false,"series_order":"","jetpack_sharing_enabled":true,"_links":{"self":[{"href":"https:\/\/xn--collectifenporte-pqb.com\/index.php\/wp-json\/wp\/v2\/pages\/36","targetHints":{"allow":["GET"]}}],"collection":[{"href":"https:\/\/xn--collectifenporte-pqb.com\/index.php\/wp-json\/wp\/v2\/pages"}],"about":[{"href":"https:\/\/xn--collectifenporte-pqb.com\/index.php\/wp-json\/wp\/v2\/types\/page"}],"author":[{"embeddable":true,"href":"https:\/\/xn--collectifenporte-pqb.com\/index.php\/wp-json\/wp\/v2\/users\/1"}],"replies":[{"embeddable":true,"href":"https:\/\/xn--collectifenporte-pqb.com\/index.php\/wp-json\/wp\/v2\/comments?post=36"}],"version-history":[{"count":23,"href":"https:\/\/xn--collectifenporte-pqb.com\/index.php\/wp-json\/wp\/v2\/pages\/36\/revisions"}],"predecessor-version":[{"id":1288,"href":"https:\/\/xn--collectifenporte-pqb.com\/index.php\/wp-json\/wp\/v2\/pages\/36\/revisions\/1288"}],"up":[{"embeddable":true,"href":"https:\/\/xn--collectifenporte-pqb.com\/index.php\/wp-json\/wp\/v2\/pages\/25"}],"wp:attachment":[{"href":"https:\/\/xn--collectifenporte-pqb.com\/index.php\/wp-json\/wp\/v2\/media?parent=36"}],"curies":[{"name":"wp","href":"https:\/\/api.w.org\/{rel}","templated":true}]}}