{"id":230,"date":"2016-09-06T15:40:49","date_gmt":"2016-09-06T14:40:49","guid":{"rendered":"http:\/\/xn--collectifenporte-pqb.com\/?page_id=230"},"modified":"2021-05-07T09:05:06","modified_gmt":"2021-05-07T08:05:06","slug":"exemples-de-gravures","status":"publish","type":"page","link":"https:\/\/xn--collectifenporte-pqb.com\/index.php\/services-de-gravures\/exemples-de-gravures\/","title":{"rendered":"Exemples de gravures"},"content":{"rendered":"<div class=\"eds-animate edsanimate-sis-hidden \" data-eds-entry-animation=\"slideInUp\" data-eds-entry-delay=\"0\" data-eds-entry-duration=\"1\" data-eds-entry-timing=\"linear\" data-eds-exit-animation=\"\" data-eds-exit-delay=\"\" data-eds-exit-duration=\"\" data-eds-exit-timing=\"\" data-eds-repeat-count=\"1\" data-eds-keep=\"yes\" data-eds-animate-on=\"load\" data-eds-scroll-offset=\"\">\n<p>Voici quelques courts exemples de Gravures.<\/p>\n<p><img loading=\"lazy\" decoding=\"async\" class=\"size-full wp-image-235 aligncenter\" src=\"http:\/\/xn--collectifenporte-pqb.com\/wp-content\/uploads\/2016\/09\/Exemple-de-Gravure-1.png\" alt=\"Exemple de Gravure 1\" width=\"861\" height=\"555\" srcset=\"https:\/\/xn--collectifenporte-pqb.com\/wp-content\/uploads\/2016\/09\/Exemple-de-Gravure-1.png 861w, https:\/\/xn--collectifenporte-pqb.com\/wp-content\/uploads\/2016\/09\/Exemple-de-Gravure-1-600x387.png 600w, https:\/\/xn--collectifenporte-pqb.com\/wp-content\/uploads\/2016\/09\/Exemple-de-Gravure-1-300x193.png 300w, https:\/\/xn--collectifenporte-pqb.com\/wp-content\/uploads\/2016\/09\/Exemple-de-Gravure-1-768x495.png 768w, https:\/\/xn--collectifenporte-pqb.com\/wp-content\/uploads\/2016\/09\/Exemple-de-Gravure-1-248x160.png 248w\" sizes=\"auto, (max-width: 861px) 100vw, 861px\" \/><\/p>\n<p><img loading=\"lazy\" decoding=\"async\" class=\"size-full wp-image-236 aligncenter\" src=\"http:\/\/xn--collectifenporte-pqb.com\/wp-content\/uploads\/2016\/09\/Exemple-de-Gravure-2.png\" alt=\"Exemple de Gravure 2\" width=\"778\" height=\"372\" srcset=\"https:\/\/xn--collectifenporte-pqb.com\/wp-content\/uploads\/2016\/09\/Exemple-de-Gravure-2.png 778w, https:\/\/xn--collectifenporte-pqb.com\/wp-content\/uploads\/2016\/09\/Exemple-de-Gravure-2-600x287.png 600w, https:\/\/xn--collectifenporte-pqb.com\/wp-content\/uploads\/2016\/09\/Exemple-de-Gravure-2-300x143.png 300w, https:\/\/xn--collectifenporte-pqb.com\/wp-content\/uploads\/2016\/09\/Exemple-de-Gravure-2-768x367.png 768w, https:\/\/xn--collectifenporte-pqb.com\/wp-content\/uploads\/2016\/09\/Exemple-de-Gravure-2-280x134.png 280w\" sizes=\"auto, (max-width: 778px) 100vw, 778px\" \/><\/p>\n<p><img loading=\"lazy\" decoding=\"async\" class=\"size-full wp-image-237 aligncenter\" src=\"http:\/\/xn--collectifenporte-pqb.com\/wp-content\/uploads\/2016\/09\/Exemple-de-Gravure-3.png\" alt=\"Exemple de Gravure 3\" width=\"607\" height=\"368\" srcset=\"https:\/\/xn--collectifenporte-pqb.com\/wp-content\/uploads\/2016\/09\/Exemple-de-Gravure-3.png 607w, https:\/\/xn--collectifenporte-pqb.com\/wp-content\/uploads\/2016\/09\/Exemple-de-Gravure-3-600x364.png 600w, https:\/\/xn--collectifenporte-pqb.com\/wp-content\/uploads\/2016\/09\/Exemple-de-Gravure-3-300x182.png 300w, https:\/\/xn--collectifenporte-pqb.com\/wp-content\/uploads\/2016\/09\/Exemple-de-Gravure-3-264x160.png 264w\" sizes=\"auto, (max-width: 607px) 100vw, 607px\" \/><\/p>\n<p><img loading=\"lazy\" decoding=\"async\" class=\"alignnone size-full wp-image-1112\" src=\"https:\/\/xn--collectifenporte-pqb.com\/wp-content\/uploads\/2021\/05\/Conducteur-A4-Fourberies.png\" alt=\"\" width=\"826\" height=\"1169\" srcset=\"https:\/\/xn--collectifenporte-pqb.com\/wp-content\/uploads\/2021\/05\/Conducteur-A4-Fourberies.png 826w, https:\/\/xn--collectifenporte-pqb.com\/wp-content\/uploads\/2021\/05\/Conducteur-A4-Fourberies-212x300.png 212w, https:\/\/xn--collectifenporte-pqb.com\/wp-content\/uploads\/2021\/05\/Conducteur-A4-Fourberies-724x1024.png 724w, https:\/\/xn--collectifenporte-pqb.com\/wp-content\/uploads\/2021\/05\/Conducteur-A4-Fourberies-768x1087.png 768w, https:\/\/xn--collectifenporte-pqb.com\/wp-content\/uploads\/2021\/05\/Conducteur-A4-Fourberies-424x600.png 424w, https:\/\/xn--collectifenporte-pqb.com\/wp-content\/uploads\/2021\/05\/Conducteur-A4-Fourberies-113x160.png 113w, https:\/\/xn--collectifenporte-pqb.com\/wp-content\/uploads\/2021\/05\/Conducteur-A4-Fourberies-600x849.png 600w\" sizes=\"auto, (max-width: 826px) 100vw, 826px\" \/><\/p>\n<p><img loading=\"lazy\" decoding=\"async\" class=\"alignnone size-full wp-image-1113\" src=\"https:\/\/xn--collectifenporte-pqb.com\/wp-content\/uploads\/2021\/05\/Clarinette-Fourberies.png\" alt=\"\" width=\"826\" height=\"1169\" srcset=\"https:\/\/xn--collectifenporte-pqb.com\/wp-content\/uploads\/2021\/05\/Clarinette-Fourberies.png 826w, https:\/\/xn--collectifenporte-pqb.com\/wp-content\/uploads\/2021\/05\/Clarinette-Fourberies-212x300.png 212w, https:\/\/xn--collectifenporte-pqb.com\/wp-content\/uploads\/2021\/05\/Clarinette-Fourberies-724x1024.png 724w, https:\/\/xn--collectifenporte-pqb.com\/wp-content\/uploads\/2021\/05\/Clarinette-Fourberies-768x1087.png 768w, https:\/\/xn--collectifenporte-pqb.com\/wp-content\/uploads\/2021\/05\/Clarinette-Fourberies-424x600.png 424w, https:\/\/xn--collectifenporte-pqb.com\/wp-content\/uploads\/2021\/05\/Clarinette-Fourberies-113x160.png 113w, https:\/\/xn--collectifenporte-pqb.com\/wp-content\/uploads\/2021\/05\/Clarinette-Fourberies-600x849.png 600w\" sizes=\"auto, (max-width: 826px) 100vw, 826px\" \/><\/p>\n<p>&nbsp;<\/p>\n<p>N&rsquo;h\u00e9sitez pas \u00e0 nous contacter pour d&rsquo;\u00e9ventuelles questions.<\/p>\n<\/div>\n<p>&nbsp;<\/p>\n<div style=\"padding-bottom:20px; padding-top:10px;\" class=\"hupso-share-buttons\"><!-- Hupso Share Buttons - https:\/\/www.hupso.com\/share\/ --><a class=\"hupso_toolbar\" href=\"https:\/\/www.hupso.com\/share\/\"><img decoding=\"async\" src=\"https:\/\/static.hupso.com\/share\/buttons\/lang\/fr\/share-medium.png\" style=\"border:0px; padding-top: 5px; float:left;\" alt=\"Share Button\"\/><\/a><script type=\"text\/javascript\">var hupso_services_t=new Array(\"Twitter\",\"Facebook\",\"Pinterest\",\"Linkedin\",\"Tumblr\",\"Email\");var hupso_background_t=\"#EAF4FF\";var hupso_border_t=\"#66CCFF\";var hupso_toolbar_size_t=\"medium\";var hupso_image_folder_url = \"\";var hupso_url_t=\"\";var hupso_title_t=\"Exemples%20de%20gravures\";<\/script><script type=\"text\/javascript\" src=\"https:\/\/static.hupso.com\/share\/js\/share_toolbar.js\"><\/script><!-- Hupso Share Buttons --><\/div>","protected":false},"excerpt":{"rendered":"<p>Voici quelques courts exemples de Gravures. &nbsp; N&rsquo;h\u00e9sitez pas \u00e0 nous contacter pour d&rsquo;\u00e9ventuelles questions. &nbsp;<\/p>\n<div style=\"padding-bottom:20px; padding-top:10px;\" class=\"hupso-share-buttons\"><!-- Hupso Share Buttons - https:\/\/www.hupso.com\/share\/ --><a class=\"hupso_toolbar\" href=\"https:\/\/www.hupso.com\/share\/\"><img src=\"https:\/\/static.hupso.com\/share\/buttons\/lang\/fr\/share-medium.png\" style=\"border:0px; padding-top: 5px; float:left;\" alt=\"Share Button\"\/><\/a><script type=\"text\/javascript\">var hupso_services_t=new Array(\"Twitter\",\"Facebook\",\"Pinterest\",\"Linkedin\",\"Tumblr\",\"Email\");var hupso_background_t=\"#EAF4FF\";var hupso_border_t=\"#66CCFF\";var hupso_toolbar_size_t=\"medium\";var hupso_image_folder_url = \"\";var hupso_url_t=\"\";var hupso_title_t=\"Exemples%20de%20gravures\";<\/script><script type=\"text\/javascript\" src=\"https:\/\/static.hupso.com\/share\/js\/share_toolbar.js\"><\/script><!-- Hupso Share Buttons --><\/div>","protected":false},"author":1,"featured_media":0,"parent":132,"menu_order":0,"comment_status":"closed","ping_status":"closed","template":"","meta":{"advgb_blocks_editor_width":"","advgb_blocks_columns_visual_guide":"","footnotes":""},"class_list":["post-230","page","type-page","status-publish"],"coauthors":[],"author_meta":{"author_link":"https:\/\/xn--collectifenporte-pqb.com\/index.php\/author\/admin1862\/","display_name":"admin1862"},"relative_dates":{"created":"Publi\u00e9 10 ans il y a","modified":"Mis \u00e0 jour 5 ans il y a"},"absolute_dates":{"created":"Publi\u00e9 le 6 septembre 2016","modified":"Mise \u00e0 jour le 7 mai 2021"},"absolute_dates_time":{"created":"Publi\u00e9 le 6 septembre 2016 15 h 40 min","modified":"Mise \u00e0 jour le 7 mai 2021 9 h 05 min"},"featured_img_caption":"","featured_img":false,"series_order":"","jetpack_sharing_enabled":true,"_links":{"self":[{"href":"https:\/\/xn--collectifenporte-pqb.com\/index.php\/wp-json\/wp\/v2\/pages\/230","targetHints":{"allow":["GET"]}}],"collection":[{"href":"https:\/\/xn--collectifenporte-pqb.com\/index.php\/wp-json\/wp\/v2\/pages"}],"about":[{"href":"https:\/\/xn--collectifenporte-pqb.com\/index.php\/wp-json\/wp\/v2\/types\/page"}],"author":[{"embeddable":true,"href":"https:\/\/xn--collectifenporte-pqb.com\/index.php\/wp-json\/wp\/v2\/users\/1"}],"replies":[{"embeddable":true,"href":"https:\/\/xn--collectifenporte-pqb.com\/index.php\/wp-json\/wp\/v2\/comments?post=230"}],"version-history":[{"count":7,"href":"https:\/\/xn--collectifenporte-pqb.com\/index.php\/wp-json\/wp\/v2\/pages\/230\/revisions"}],"predecessor-version":[{"id":1114,"href":"https:\/\/xn--collectifenporte-pqb.com\/index.php\/wp-json\/wp\/v2\/pages\/230\/revisions\/1114"}],"up":[{"embeddable":true,"href":"https:\/\/xn--collectifenporte-pqb.com\/index.php\/wp-json\/wp\/v2\/pages\/132"}],"wp:attachment":[{"href":"https:\/\/xn--collectifenporte-pqb.com\/index.php\/wp-json\/wp\/v2\/media?parent=230"}],"curies":[{"name":"wp","href":"https:\/\/api.w.org\/{rel}","templated":true}]}}