{"id":228,"date":"2016-09-06T15:39:05","date_gmt":"2016-09-06T14:39:05","guid":{"rendered":"http:\/\/xn--collectifenporte-pqb.com\/?page_id=228"},"modified":"2021-12-12T18:16:55","modified_gmt":"2021-12-12T17:16:55","slug":"oeuvres-de-florent-senia","status":"publish","type":"page","link":"https:\/\/xn--collectifenporte-pqb.com\/index.php\/25-2\/senia-florent\/oeuvres-de-florent-senia\/","title":{"rendered":"\u0152uvres"},"content":{"rendered":"<div class=\"eds-animate edsanimate-sis-hidden \" data-eds-entry-animation=\"slideInUp\" data-eds-entry-delay=\"0\" data-eds-entry-duration=\"1\" data-eds-entry-timing=\"linear\" data-eds-exit-animation=\"\" data-eds-exit-delay=\"\" data-eds-exit-duration=\"\" data-eds-exit-timing=\"\" data-eds-repeat-count=\"1\" data-eds-keep=\"yes\" data-eds-animate-on=\"load\" data-eds-scroll-offset=\"\">\n<p><strong>Compositions\u00a0<\/strong><\/p>\n<ul>\n<li><a href=\"http:\/\/collectifenport\u00e9e.com\/index.php\/produit\/reveries-bohemiennes\/\">Reveries Bohemiennes<\/a><\/li>\n<li><a href=\"http:\/\/collectifenport\u00e9e.com\/index.php\/produit\/a-la-mode-2\/\">A la mode deux pour piano<\/a><\/li>\n<li><a href=\"http:\/\/collectifenport\u00e9e.com\/index.php\/produit\/ho-pyaum\/\">H\u00f6 Pyaum pour piano<\/a><\/li>\n<li><a href=\"https:\/\/xn--collectifenporte-pqb.com\/index.php\/produit\/valse-impromptu-pour-piano\/\">Valse Impromptu pour piano<\/a><\/li>\n<li><a href=\"https:\/\/xn--collectifenporte-pqb.com\/index.php\/produit\/obstinance-pour-piano\/\">Obstinance pour piano<\/a><\/li>\n<li><a href=\"https:\/\/xn--collectifenporte-pqb.com\/index.php\/produit\/altercation\/\">Altercation pour piano<\/a><\/li>\n<li><a href=\"https:\/\/xn--collectifenporte-pqb.com\/index.php\/produit\/prelude-n1-pour-piano\/\">Pr\u00e9lude n\u00b01 pour piano<\/a><\/li>\n<li>Habanera pour piano<\/li>\n<li>Sonate pour Violoncelle et Piano<\/li>\n<li>Beams<\/li>\n<li>Trois Ch\u0153urs (<em>Les feux du bivouac, Passer et M\u00e9dieuse<\/em>)<\/li>\n<li>M\u00e9lodie <em>Tristesse de la Lune<\/em><\/li>\n<li>Domaines pour Cor<\/li>\n<li>M\u00e9lodie d&rsquo;un soir<\/li>\n<li>Duo Bois\u00e9 pour Clarinettes<\/li>\n<li>Deux Duo pour Violons \u00ab\u00a0A la Bartok\u00a0\u00bb<\/li>\n<\/ul>\n<p><strong><br \/>\nArrangement<\/strong><\/p>\n<ul>\n<li><a href=\"https:\/\/xn--collectifenporte-pqb.com\/index.php\/produit\/3-pieces-pastorale-hymne-toccata\/\"><em>3 pi\u00e8ces pour piano<\/em><\/a> arrangement pour Quintette \u00e0 Vents<\/li>\n<li><em>Taubenpost<\/em>\u00a0Schubert, orchestration<\/li>\n<li><em>Variation 1 et 8 sur un th\u00e8me de Schumann<\/em> op.9 Brahms, orchestration<\/li>\n<li><em>Davidsb\u00fcndlert\u00e4nze<\/em>\u00a0op.6 Schumann, orchestration pour Orchestre \u00e0 cordes<\/li>\n<\/ul>\n<p><strong><br \/>\nPi\u00e8ces p\u00e9gadogiques<\/strong><\/p>\n<ul>\n<li>Deux Duo pour violoncelle et piano<\/li>\n<li>Nostalgie d&rsquo;un Exil\u00e9, duo avec piano<\/li>\n<li>Invitation au voyage, duo avec piano<\/li>\n<\/ul>\n<p><strong><br \/>\n<\/strong><strong>Bande originale et musique de sc\u00e8ne<\/strong><\/p>\n<ul>\n<li>Bloody Mary (Alexis Barbosa), Bande son originale<\/li>\n<li>Pacific Mermaid (Alexis Barbosa), Bande son originale<\/li>\n<li>Chansons extraites de la pi\u00e8ce <em>Rimbaud <\/em>(Adrien Guitton)<\/li>\n<li>Chansons extraites de la L&rsquo;aile d\u00e9chir\u00e9e (Adrien Guitton)<\/li>\n<\/ul>\n<p>&nbsp;<\/p>\n<\/div>\n<p>&nbsp;<\/p>\n<div style=\"padding-bottom:20px; padding-top:10px;\" class=\"hupso-share-buttons\"><!-- Hupso Share Buttons - https:\/\/www.hupso.com\/share\/ --><a class=\"hupso_toolbar\" href=\"https:\/\/www.hupso.com\/share\/\"><img decoding=\"async\" src=\"https:\/\/static.hupso.com\/share\/buttons\/lang\/fr\/share-medium.png\" style=\"border:0px; padding-top: 5px; float:left;\" alt=\"Share Button\"\/><\/a><script type=\"text\/javascript\">var hupso_services_t=new Array(\"Twitter\",\"Facebook\",\"Pinterest\",\"Linkedin\",\"Tumblr\",\"Email\");var hupso_background_t=\"#EAF4FF\";var hupso_border_t=\"#66CCFF\";var hupso_toolbar_size_t=\"medium\";var hupso_image_folder_url = \"\";var hupso_url_t=\"\";var hupso_title_t=\"%C5%92uvres\";<\/script><script type=\"text\/javascript\" src=\"https:\/\/static.hupso.com\/share\/js\/share_toolbar.js\"><\/script><!-- Hupso Share Buttons --><\/div>","protected":false},"excerpt":{"rendered":"<p>Compositions\u00a0 Reveries Bohemiennes A la mode deux pour piano H\u00f6 Pyaum pour piano Valse Impromptu pour piano Obstinance pour piano Altercation pour piano Pr\u00e9lude n\u00b01 pour piano Habanera pour piano Sonate pour Violoncelle et Piano Beams Trois Ch\u0153urs (Les feux du bivouac, Passer et M\u00e9dieuse) M\u00e9lodie Tristesse de la Lune Domaines pour Cor M\u00e9lodie d&rsquo;un &#8230; <a title=\"\u0152uvres\" class=\"read-more\" href=\"https:\/\/xn--collectifenporte-pqb.com\/index.php\/25-2\/senia-florent\/oeuvres-de-florent-senia\/\" aria-label=\"En savoir plus sur \u0152uvres\">Lire la suite<\/a><\/p>\n<div style=\"padding-bottom:20px; padding-top:10px;\" class=\"hupso-share-buttons\"><!-- Hupso Share Buttons - https:\/\/www.hupso.com\/share\/ --><a class=\"hupso_toolbar\" href=\"https:\/\/www.hupso.com\/share\/\"><img src=\"https:\/\/static.hupso.com\/share\/buttons\/lang\/fr\/share-medium.png\" style=\"border:0px; padding-top: 5px; float:left;\" alt=\"Share Button\"\/><\/a><script type=\"text\/javascript\">var hupso_services_t=new Array(\"Twitter\",\"Facebook\",\"Pinterest\",\"Linkedin\",\"Tumblr\",\"Email\");var hupso_background_t=\"#EAF4FF\";var hupso_border_t=\"#66CCFF\";var hupso_toolbar_size_t=\"medium\";var hupso_image_folder_url = \"\";var hupso_url_t=\"\";var hupso_title_t=\"%C5%92uvres\";<\/script><script type=\"text\/javascript\" src=\"https:\/\/static.hupso.com\/share\/js\/share_toolbar.js\"><\/script><!-- Hupso Share Buttons --><\/div>","protected":false},"author":1,"featured_media":0,"parent":36,"menu_order":0,"comment_status":"closed","ping_status":"closed","template":"","meta":{"advgb_blocks_editor_width":"","advgb_blocks_columns_visual_guide":"","footnotes":""},"class_list":["post-228","page","type-page","status-publish"],"coauthors":[],"author_meta":{"author_link":"https:\/\/xn--collectifenporte-pqb.com\/index.php\/author\/admin1862\/","display_name":"admin1862"},"relative_dates":{"created":"Publi\u00e9 10 ans il y a","modified":"Mis \u00e0 jour 4 ans il y a"},"absolute_dates":{"created":"Publi\u00e9 le 6 septembre 2016","modified":"Mise \u00e0 jour le 12 d\u00e9cembre 2021"},"absolute_dates_time":{"created":"Publi\u00e9 le 6 septembre 2016 15 h 39 min","modified":"Mise \u00e0 jour le 12 d\u00e9cembre 2021 18 h 16 min"},"featured_img_caption":"","featured_img":false,"series_order":"","jetpack_sharing_enabled":true,"_links":{"self":[{"href":"https:\/\/xn--collectifenporte-pqb.com\/index.php\/wp-json\/wp\/v2\/pages\/228","targetHints":{"allow":["GET"]}}],"collection":[{"href":"https:\/\/xn--collectifenporte-pqb.com\/index.php\/wp-json\/wp\/v2\/pages"}],"about":[{"href":"https:\/\/xn--collectifenporte-pqb.com\/index.php\/wp-json\/wp\/v2\/types\/page"}],"author":[{"embeddable":true,"href":"https:\/\/xn--collectifenporte-pqb.com\/index.php\/wp-json\/wp\/v2\/users\/1"}],"replies":[{"embeddable":true,"href":"https:\/\/xn--collectifenporte-pqb.com\/index.php\/wp-json\/wp\/v2\/comments?post=228"}],"version-history":[{"count":27,"href":"https:\/\/xn--collectifenporte-pqb.com\/index.php\/wp-json\/wp\/v2\/pages\/228\/revisions"}],"predecessor-version":[{"id":1379,"href":"https:\/\/xn--collectifenporte-pqb.com\/index.php\/wp-json\/wp\/v2\/pages\/228\/revisions\/1379"}],"up":[{"embeddable":true,"href":"https:\/\/xn--collectifenporte-pqb.com\/index.php\/wp-json\/wp\/v2\/pages\/36"}],"wp:attachment":[{"href":"https:\/\/xn--collectifenporte-pqb.com\/index.php\/wp-json\/wp\/v2\/media?parent=228"}],"curies":[{"name":"wp","href":"https:\/\/api.w.org\/{rel}","templated":true}]}}