{"id":226,"date":"2016-09-06T15:38:01","date_gmt":"2016-09-06T14:38:01","guid":{"rendered":"http:\/\/xn--collectifenporte-pqb.com\/?page_id=226"},"modified":"2025-03-07T15:28:41","modified_gmt":"2025-03-07T14:28:41","slug":"oeuvres-de-tommy-bourgeois","status":"publish","type":"page","link":"https:\/\/xn--collectifenporte-pqb.com\/index.php\/25-2\/bourgeois-tommy\/oeuvres-de-tommy-bourgeois\/","title":{"rendered":"\u0152uvres"},"content":{"rendered":"<div class=\"eds-animate edsanimate-sis-hidden \" data-eds-entry-animation=\"slideInUp\" data-eds-entry-delay=\"0\" data-eds-entry-duration=\"1\" data-eds-entry-timing=\"linear\" data-eds-exit-animation=\"\" data-eds-exit-delay=\"\" data-eds-exit-duration=\"\" data-eds-exit-timing=\"\" data-eds-repeat-count=\"1\" data-eds-keep=\"yes\" data-eds-animate-on=\"load\" data-eds-scroll-offset=\"\">\n<p>Tommy Bourgeois a d\u00e9marr\u00e9 son activit\u00e9 de compositeur en 2011.<\/p>\n<p>En 2011-2012 il \u00e9crit:<\/p>\n<ul>\n<li><a href=\"http:\/\/xn--collectifenporte-pqb.com\/index.php\/produit\/hommage-a-borodine\/\"><em>Hommage \u00e0 Borodine<\/em><\/a>, suite de 4 pi\u00e8ces pour piano<\/li>\n<li><a href=\"http:\/\/xn--collectifenporte-pqb.com\/index.php\/produit\/3-melodies-russes\/\"><em>Chto vimeni t\u00e9b\u00e9 ma\u00efom, Gde t\u00ef, zv\u00ebzdochka<\/em> et <\/a><em>Nad rekoi,<\/em> \u00a03 m\u00e9lodies russes<\/li>\n<li><a href=\"https:\/\/collectifenport\u00e9e.com\/index.php\/produit\/chanson-de-supermarche-atrium\/\"><em>Atrium<\/em><\/a>, chanson \u00e9crite en collaboration avec Florent S\u00e9nia (Projet ENSATT)<\/li>\n<li><a href=\"http:\/\/xn--collectifenporte-pqb.com\/index.php\/produit\/scherzo-pour-orchestre\/\"><em>Scherzo<\/em><\/a> pour orchestre symphonique<\/li>\n<li><em>Harold en Italie <\/em>de Berlioz, arrangement pour quatuor de cuivres dans le cadre du Festival Berlioz<\/li>\n<li><a href=\"http:\/\/xn--collectifenporte-pqb.com\/index.php\/produit\/solfager-and-the-worm-king\/\"><em>Solfager and the worm king<\/em><\/a> de Grieg, orchestr\u00e9 pour orchestre \u00e0 cordes.<\/li>\n<\/ul>\n<p>En 2012-2013 il \u00e9crit:<\/p>\n<ul>\n<li><a href=\"http:\/\/collectifenport\u00e9e.com\/index.php\/produit\/prelude-et-fugue\/\">Pr\u00e9lude et fugue pour violon seul<\/a><\/li>\n<li><a href=\"http:\/\/collectifenport\u00e9e.com\/index.php\/produit\/ballade-au-mintons-playhouse\/\"><em>Ballade au Minton&rsquo;s Playhouse<\/em><\/a> pour le <em>Quatu&rsquo;Or en Cuivres<\/em><\/li>\n<li><a href=\"http:\/\/collectifenport\u00e9e.com\/index.php\/produit\/hey-brown\/\"><em>Hey Brown !!<\/em> <\/a>pour le <em>Quatu&rsquo;Or en Cuivres <\/em><\/li>\n<li><a href=\"http:\/\/collectifenport\u00e9e.com\/index.php\/produit\/suite-bergamasque-menuet\/\"><em>Menuet<\/em> de la suite Bergamasque <\/a>de Debussy arrang\u00e9 pour le <em>Quatu&rsquo;Or en Cuivres<\/em><\/li>\n<li><a href=\"http:\/\/xn--collectifenporte-pqb.com\/index.php\/produit\/menuet-sur-le-nom-dhaydn\/\"><em>Menuet sur le nom d&rsquo;Haydn<\/em><\/a> de Ravel arrang\u00e9 pour le <em>Quatu&rsquo;Or en Cuivres<\/em><\/li>\n<li><a href=\"http:\/\/collectifenport\u00e9e.com\/index.php\/produit\/entree-des-gladiateurs\/\"><em>Entr\u00e9e des Gladiateurs<\/em><\/a>, ouverture pour Orchestre d&rsquo;harmonie<\/li>\n<li><a href=\"http:\/\/xn--collectifenporte-pqb.com\/index.php\/produit\/fishermans-song\/\"><em>Fisherman&rsquo;s song<\/em><\/a> de Balakirev, orchestr\u00e9e pour grand orchestre<\/li>\n<li><a href=\"http:\/\/collectifenport\u00e9e.com\/index.php\/produit\/concerto-n26-pour-piano-mozart\/\"><em>Concerto n\u00b026<\/em> de Mozart<\/a> (Mvt lent), orchestr\u00e9 pour orchestre d&rsquo;harmonie et piano solo<\/li>\n<li><a href=\"http:\/\/collectifenport\u00e9e.com\/index.php\/produit\/decouvertes-classiques\/\"><em>Concerto n\u00b026<\/em> de Mozart<\/a> (Mvt lent), orchestr\u00e9 pour orchestre junior et piano solo<\/li>\n<li><a href=\"http:\/\/collectifenport\u00e9e.com\/index.php\/produit\/microkosmos-n107-melodie-dans-la-brume\/\"><em>M\u00e9lodie dans la brume<\/em><\/a> de Bartok, orchestr\u00e9e pour grand orchestre<\/li>\n<li><a href=\"http:\/\/collectifenport\u00e9e.com\/index.php\/produit\/travaux\/\"><em>Travaux<\/em><\/a>, arrangement pour l&rsquo;ensemble <em>Tub&rsquo;\u00e0 l&rsquo;image<\/em> de pi\u00e8ces de Robert Llorca.<\/li>\n<\/ul>\n<p>En 2013-2014 il \u00e9crit :<\/p>\n<ul>\n<li><a href=\"http:\/\/collectifenport\u00e9e.com\/index.php\/produit\/the-carousel\/\"><em>The Carousel<\/em><\/a>, pi\u00e8ce orchestr\u00e9e pour orchestre d&rsquo;harmonie et saxhorn alto solo (<a href=\"http:\/\/www.anthonygalinier.com\/album-2\/\">Anthony Galinier<\/a>)<\/li>\n<li><a href=\"http:\/\/collectifenport\u00e9e.com\/index.php\/produit\/2-pieces-pour-bagad-et-cuivres\/\"><em>Fisel bihou\u00e9 et Scottish<\/em><\/a>, arrangement pour ensemble de cuivres et bagad.<\/li>\n<li><a href=\"http:\/\/collectifenport\u00e9e.com\/index.php\/produit\/art-de-la-fugue-contrapunctus-ix\/\"><em>Contrapunctus IX Alla duodecima<\/em><\/a>, arrangement d&rsquo;un extrait de l&rsquo;Art de la fugue de Bach pour le\u00a0<em>Quatu&rsquo;Or en Cuivres<\/em><\/li>\n<li><a href=\"http:\/\/collectifenport\u00e9e.com\/index.php\/produit\/dont-cry-for-me-argentina\/\"><em>Don&rsquo;t cry for me Argentina<\/em><\/a>, arrangement pour les <a href=\"http:\/\/www.lespetitschanteurs.com\"><em>Petits Chanteurs<\/em><\/a> de Saint-Marc (Lyon)<\/li>\n<li><em><a href=\"http:\/\/collectifenport\u00e9e.com\/index.php\/produit\/el-pano-moruno\/\">El pa\u00f1o moruno<\/a> de <\/em>D<em>e Falla<\/em>, pi\u00e8ce arrang\u00e9e pour grand ensemble et mezzo-soprano<\/li>\n<li><a href=\"http:\/\/collectifenport\u00e9e.com\/index.php\/produit\/la-noel-passee\/\"><em>La no\u00ebl pass\u00e9e<\/em><\/a> de Britten, pi\u00e8ce arrang\u00e9e pour grand orchestre et mezzo-soprano<\/li>\n<li><a href=\"http:\/\/collectifenport\u00e9e.com\/index.php\/produit\/2-melodies\/\"><em>2 M\u00e9lodies, Oh ! quand la mort et Regret\u00a0<\/em><\/a>\u00a0pour mezzo-soprano et piano<\/li>\n<li><a href=\"http:\/\/collectifenport\u00e9e.com\/index.php\/produit\/dieu-le-me-sauve-ce-varlet\/\"><em>Dieu le me sauve ce varlet !<\/em><\/a> chanson pour ch\u0153ur d&rsquo;hommes<\/li>\n<li><a href=\"http:\/\/collectifenport\u00e9e.com\/index.php\/produit\/puisque-tu-ten-vas\/\"><em>Puisque tu t&rsquo;en vas<\/em><\/a>, chanson pour ch\u0153ur d&rsquo;hommes<\/li>\n<li><a href=\"https:\/\/vimeo.com\/83915528\">Un Ballon rouge, musique de film<\/a><\/li>\n<li><a href=\"https:\/\/collectifenport\u00e9e.com\/index.php\/produit\/praeludium-and-allegro\/\"><em>Pr\u00e9lude et allegro<\/em> de Kreisler<\/a>, arrangement violon solo et quintette \u00e0 cordes en collaboration avec Florent S\u00e9nia dans le cadre d&rsquo;un concert interpret\u00e9 par Laurent Korcia lors du festival <em><a href=\"http:\/\/www.musique-en-re.com\">Musique en R\u00e9<\/a><\/em><\/li>\n<\/ul>\n<p>En 2014-2015, il \u00e9crit:<\/p>\n<ul>\n<li><a href=\"http:\/\/collectifenport\u00e9e.com\/index.php\/produit\/1963-is-not-an-end-but-a-beginning\/\"><em>1963<\/em><\/a>, pi\u00e8ce pour ch\u0153ur mixte \u00e0 cappella<\/li>\n<li><a href=\"http:\/\/collectifenport\u00e9e.com\/index.php\/produit\/concertino-en-ut\/\"><em>Concertino en ut<\/em>,<\/a> pi\u00e8ce p\u00e9dagogique pour violon solo et orchestre \u00e0 cordes<\/li>\n<li><a href=\"https:\/\/collectifenport\u00e9e.com\/index.php\/produit\/vier-quartette-op-92\/\"><em>Opus 92<\/em> de Brahms<\/a>, arrangement pour SATB et quatuor \u00e0 cordes en collaboration avec Florent S\u00e9nia (commande de <a href=\"http:\/\/www.cnsmd-lyon.fr\/agenda\/recital-de-master-de-pascal-adoumbou-direction-de-choeurs\">Pascal Adoumbou<\/a>)<\/li>\n<li><a href=\"http:\/\/collectifenport\u00e9e.com\/index.php\/produit\/legende\/\"><em>L\u00e9gende<\/em><\/a> de Enesco, orchestr\u00e9e pour grand orchestre et trompette solo<\/li>\n<li><a href=\"http:\/\/collectifenport\u00e9e.com\/index.php\/produit\/free-at-last\/\"><em>Free at last<\/em><\/a>, arrangement pour ch\u0153ur mixte et piano et\/ou section rythmique et cuivres<\/li>\n<li><a href=\"https:\/\/collectifenport\u00e9e.com\/index.php\/produit\/pourquoy-mas-tu-vendu-jeunesse\/\"><em>Pourquoy m&rsquo;as tu vendu jeunesse<\/em><\/a>, chanson pour ch\u0153ur d&rsquo;hommes \u00e9crite en collaboration avec Florent S\u00e9nia<\/li>\n<li><a href=\"https:\/\/collectifenport\u00e9e.com\/index.php\/produit\/golliwogs-cakewalk-debussy\/\"><em>Golliwogg&rsquo;s cake-walk<\/em><\/a> de Debussy, arrangement pour quatuor de saxophone et harpe en collaboration avec Florent S\u00e9nia (commande d&rsquo;<a href=\"http:\/\/www.alexandraluiceanu.com\/p\/biographie_8.html\">Alexandra Luiceanu<\/a>)<\/li>\n<li><a href=\"http:\/\/collectifenport\u00e9e.com\/index.php\/produit\/des-comptes\/\"><em>Des comptes<\/em><\/a>, pi\u00e8ce pour percussions<\/li>\n<li><a href=\"http:\/\/xn--collectifenporte-pqb.com\/index.php\/produit\/un-ecueil-fuyant\/\"><em>Un \u00c9cueil fuyant: Psychologie du Pr. Aronnax<\/em><\/a>, pi\u00e8ce pour clarinette seule compos\u00e9e pour Briac Lardeux<\/li>\n<li><a href=\"https:\/\/www.deezer.com\/fr\/album\/12733136\"><em>N\u00b06<\/em><\/a>, arrangement d&rsquo;une chanson de <a href=\"https:\/\/www.facebook.com\/belleepoquemusique\/\">Belle \u00e9poque chanson swing<\/a> en collaboration avec Florent S\u00e9nia<\/li>\n<li><a href=\"https:\/\/collectifenport\u00e9e.com\/index.php\/produit\/concerto-n2-en-sol\/\"><em>Concerto n\u00b02 en sol mineur<\/em> pour piano de Prokofiev<\/a> (premier mouvement), arrangement pour grand ensemble et piano solo en collaboration avec Florent S\u00e9nia et r\u00e9alis\u00e9 par <a href=\"http:\/\/www.cnsmd-lyon.fr\/agenda\/recitals-de-master-de-piano-2\">Marwann Dafir<\/a> au piano<\/li>\n<li><em>Symphonic Electric<\/em>, pi\u00e8ce p\u00e9dagogique\u00a0pour orchestre symphonique<\/li>\n<li><em>V\u00e9nus, feste galante<\/em><\/li>\n<\/ul>\n<p>En 2015-2016 il \u00e9crit :<\/p>\n<ul>\n<li><a href=\"http:\/\/collectifenport\u00e9e.com\/index.php\/produit\/bagatelles\/\"><em>Bagatelles<\/em><\/a> 2 \u00e9tudes p\u00e9dagogiques pour trompette et piano<\/li>\n<li><a href=\"https:\/\/www.deezer.com\/fr\/album\/47254742\"><em>Romance de mon enfance<\/em><\/a><em>,<\/em> r\u00e9duction pour piano et mandoline solo d&rsquo;un arrangement pour cordes et mandoline solo de Samson Tognan qui lui m\u00eame travailla sur des mat\u00e9riaux propos\u00e9s par Francis Lai. La r\u00e9duction est r\u00e9alis\u00e9e en collaboration avec Florent S\u00e9nia (commande de\u00a0 <a href=\"http:\/\/vincentbeerdemander.com\/\">Vincent Beer-Demander<\/a>)<\/li>\n<li><em>The Galactic Conquest<\/em>, concerto pour Saxophone et Orchestre d&rsquo;harmonie \u00e9crit en collaboration avec Florent S\u00e9nia pour le soliste Romain Chaumont et la <a href=\"https:\/\/www.kisskissbankbank.com\/creation-mondiale-concert-de-printemps\">musique d&rsquo;H\u00e9genheim <\/a><\/li>\n<li><a href=\"https:\/\/collectifenport\u00e9e.com\/index.php\/produit\/1916-un-ete-et-une-moitie-dautomne\/\"><em>1916, un \u00e9t\u00e9 et une moiti\u00e9 d&rsquo;automne<\/em><\/a>, concert \u00e9crit pour ch\u0153ur d&rsquo;enfants, harpe et quatuor \u00e0 cordes en collaboration avec Florent S\u00e9nia pour la <a href=\"http:\/\/www.lejournaldabbeville.fr\/2016\/02\/16\/concert-sur-l-eau-et-natation-synchronisee-a-l-aqu-abb\/\">saison publique du conservatoire d&rsquo;Abbeville <\/a><\/li>\n<li><em>Introduction et Allegro<\/em> de Ravel, arrangement pour harpe et quatuor \u00e0 cordes, en collaboration avec Florent S\u00e9nia<\/li>\n<\/ul>\n<p>&nbsp;<\/p>\n<p>En 2016-2017 il \u00e9crit:<\/p>\n<ul>\n<li>le <em>Tor\u00e9ador<\/em> d\u2019Adolphe Adam, r\u00e9duction de l&rsquo;op\u00e9ra pour quintette \u00e0 vent et quintette \u00e0 cordes r\u00e9alis\u00e9e en collaboration avec Florent S\u00e9nia\u00a0(commande de l&rsquo;op\u00e9ra de Rennes)<\/li>\n<li><em>Concerto pour violoncelle et orchestre \u00e0 plectre<\/em>, r\u00e9duction pour violoncelle et piano r\u00e9alis\u00e9e en collaboration avec Florent S\u00e9nia de l&rsquo;oeuvre de Vincent Beer-Demander<\/li>\n<\/ul>\n<p>En 2018 il \u00e9crit:<\/p>\n<ul>\n<li><a href=\"http:\/\/collectifenport\u00e9e.com\/index.php\/produit\/3-hommages-a-georges-melies\/\"><em>3 hommages \u00e0 Georges M\u00e9li\u00e8s<\/em><\/a> pour ensemble \u00e0 vents, piano et percussions<\/li>\n<li><em>Les aventures de Papageno<\/em>, r\u00e9duction de la Fl\u00fbte enchant\u00e9e de Mozart pour quintette \u00e0 vent, quintette \u00e0 cordes et percussions r\u00e9alis\u00e9e en collaboration avec Florent S\u00e9nia\u00a0\u00a0(commande de l&rsquo;op\u00e9ra de Rennes)<\/li>\n<\/ul>\n<p>En 2019 il \u00e9crit:<\/p>\n<ul>\n<li><em><a href=\"http:\/\/xn--collectifenporte-pqb.com\/index.php\/produit\/le-jardin-de-melisande\/\">Le Jardin de M\u00e9lisande<\/a><\/em>, pi\u00e8ce p\u00e9dagogique pour fl\u00fbte et piano<\/li>\n<li><a href=\"http:\/\/xn--collectifenporte-pqb.com\/index.php\/products\/rio-de-la-plata\/\"><em>Rio de la Plata<\/em><\/a>, Tango pour Fl\u00fbte, Violon et Guitare<\/li>\n<li><a href=\"http:\/\/collectifenport\u00e9e.com\/index.php\/produit\/decouvertes-classiques\/\"><em>D\u00e9couvertes classiques<\/em><\/a>, arrangements de <a href=\"https:\/\/collectifenport\u00e9e.com\/index.php\/produit\/finlandia-extraits\/\"><em>Finlandia<\/em><\/a> de Sib\u00e9lius, <a href=\"https:\/\/collectifenport\u00e9e.com\/index.php\/produit\/jupiter-extraits\/\">Jupiter<\/a> de Holst, <a href=\"https:\/\/collectifenport\u00e9e.com\/index.php\/produit\/la-jeune-fille-et-la-mort\/\"><em>La jeune fille et la mort<\/em><\/a> de Schubert, <a href=\"https:\/\/collectifenport\u00e9e.com\/index.php\/produit\/la-chanson-de-laveine\/\"><em>La chanson de l&rsquo;avoine<\/em><\/a>, <a href=\"https:\/\/collectifenport\u00e9e.com\/index.php\/produit\/scarborough-fair\/\"><em>Scarborough Fair<\/em><\/a>, <a href=\"https:\/\/collectifenport\u00e9e.com\/index.php\/produit\/concerto-n26-ensemble-junior\/\"><em>Concerto pour piano n\u00b026<\/em> de Mozart<\/a> et <a href=\"https:\/\/collectifenport\u00e9e.com\/index.php\/produit\/les-miriltons\/\">Casse-Noisette<\/a> de Tchaikovski<\/li>\n<li><a href=\"http:\/\/collectifenport\u00e9e.com\/index.php\/produit\/le-carillon-de-westminster\/\"><em>Le carillon de Westminste<\/em>r,<\/a> arrangement pour quintette \u00e0 vent<\/li>\n<li><a href=\"http:\/\/collectifenport\u00e9e.com\/index.php\/produit\/ouverture\/\"><em>Ouverture<\/em><\/a>, pi\u00e8ce d&rsquo;ouverture d&rsquo;un concert de no\u00ebl pour quintette \u00e0 vent et choeur mixte<\/li>\n<li><a href=\"http:\/\/collectifenport\u00e9e.com\/index.php\/produit\/the-christmas-song\/\"><em>The Christmas song<\/em><\/a>, arrangement pour quintette \u00e0 vent et choeur mixte<\/li>\n<li><a href=\"http:\/\/collectifenport\u00e9e.com\/index.php\/produit\/final\/\"><em>Final<\/em><\/a>, pi\u00e8ce de cl\u00f4ture d&rsquo;un concert de no\u00ebl pour quintette \u00e0 vent et choeur mixte<\/li>\n<li><em><a href=\"http:\/\/collectifenport\u00e9e.com\/index.php\/produit\/takirari-del-regreso\/\">Takirari del Regreso<\/a>,<\/em> arrangement p\u00e9dagogique pour grand ensemble<\/li>\n<li><a href=\"http:\/\/collectifenport\u00e9e.com\/index.php\/produit\/les-berceaux\/\"><em>Les Berceaux<\/em><\/a>, arrangement p\u00e9dagogique pour grand ensemble de la m\u00e9lodie de G.Faur\u00e9<\/li>\n<\/ul>\n<p>En 2020 il \u00e9crit:<\/p>\n<ul>\n<li><a href=\"http:\/\/collectifenport\u00e9e.com\/index.php\/produit\/la-tribu-des-larini\/\"><em>La tribu des Larini<\/em><\/a>, composition pour orchestre symphonique et bande sonore<\/li>\n<li><a href=\"https:\/\/xn--collectifenporte-pqb.com\/index.php\/produit\/les-fourberies-de-figaro\/\"><em>Les Fourberies de Figaro<\/em><\/a>, arrangement du Barbier de S\u00e9ville de Rossini pour 11 musiciens et 5 chanteurs<\/li>\n<li><a href=\"https:\/\/xn--collectifenporte-pqb.com\/index.php\/produit\/rio-de-janeiro\/\"><em>Rio de Janeiro<\/em><\/a>, Bossa compos\u00e9e pour Fl\u00fbte, Violon et Guitare<\/li>\n<\/ul>\n<p>En 2021 il \u00e9crit:<\/p>\n<ul>\n<li><em><a href=\"https:\/\/xn--collectifenporte-pqb.com\/index.php\/produit\/rio-talabera\/\">Rio Talabera<\/a><\/em>, Malambo compos\u00e9 pour Fl\u00fbte, Violon et Guitare<\/li>\n<li><a href=\"https:\/\/xn--collectifenporte-pqb.com\/index.php\/produit\/bagatelle-n3\/\"><em>Bagatelle n\u00b03<\/em><\/a>, Tango pour Trompette et Piano<\/li>\n<li><em>Les Dents du Singe<\/em>, reconstruction de la partition pour l&rsquo;ensemble Utopik (Nantes) dans le cadre d&rsquo;un Cin\u00e9-Concert<\/li>\n<\/ul>\n<p>En 2022 il \u00e9crit:<\/p>\n<ul>\n<li><em>Malec,<\/em> hommage \u00e0 Buster Keaton pour orchestre symphonique<\/li>\n<li><em>La vieille maison<\/em>, arrangement pour 11 musiciens et chanteurs de l&rsquo;op\u00e9ra de Landowski<\/li>\n<\/ul>\n<p>En 2023 il \u00e9crit :<\/p>\n<ul>\n<li><em><a href=\"https:\/\/xn--collectifenporte-pqb.com\/index.php\/produit\/le-serpent\/\">Le Serpent<\/a>,<\/em> pour piano \u00e0 4 mains<\/li>\n<li><a href=\"https:\/\/xn--collectifenporte-pqb.com\/index.php\/produit\/labeille\/\"><em>L&rsquo;abeille<\/em>,<\/a> pour piano \u00e0 4 mains<\/li>\n<li><a href=\"http:\/\/Bourgeois-T-Le chat &amp; la souris.pdf\"><em>Le chat et la souris,<\/em><\/a> pour piano \u00e0 4 mains<\/li>\n<li><em>Concertino Bulgare<\/em> pour fl\u00fbte et clarinette solo et orchestre \u00e0 vent et percussions<\/li>\n<\/ul>\n<p>En 2024 il \u00e9crit :<\/p>\n<ul>\n<li><a href=\"https:\/\/xn--collectifenporte-pqb.com\/index.php\/produit\/une-rencontre\/\"><em>Une Rencontre<\/em> pour piano<\/a><\/li>\n<li><em>Equidae<\/em> pour Piano \u00e0 4 mains<\/li>\n<li><em>Rapaces Nocturne<\/em> pour piano \u00e0 4 mains<\/li>\n<li><em>L&rsquo;\u00e9lixir d&rsquo;amour<\/em> de Donizetti arrang\u00e9 pour 12 instruments et chanteurs<\/li>\n<li><em>Ricochets<\/em> pour piano seul et dispositif \u00e9lectronique<\/li>\n<\/ul>\n<p>En 2025 il \u00e9crit :<\/p>\n<ul>\n<li><a href=\"https:\/\/xn--collectifenporte-pqb.com\/index.php\/produit\/symphonie-n1\/\"><em>Symphonie n\u00b01<\/em><\/a> pour grand orchestre et sons \u00e9lectroniques<\/li>\n<\/ul>\n<\/div>\n<p>&nbsp;<\/p>\n<div style=\"padding-bottom:20px; padding-top:10px;\" class=\"hupso-share-buttons\"><!-- Hupso Share Buttons - https:\/\/www.hupso.com\/share\/ --><a class=\"hupso_toolbar\" href=\"https:\/\/www.hupso.com\/share\/\"><img decoding=\"async\" src=\"https:\/\/static.hupso.com\/share\/buttons\/lang\/fr\/share-medium.png\" style=\"border:0px; padding-top: 5px; float:left;\" alt=\"Share Button\"\/><\/a><script type=\"text\/javascript\">var hupso_services_t=new Array(\"Twitter\",\"Facebook\",\"Pinterest\",\"Linkedin\",\"Tumblr\",\"Email\");var hupso_background_t=\"#EAF4FF\";var hupso_border_t=\"#66CCFF\";var hupso_toolbar_size_t=\"medium\";var hupso_image_folder_url = \"\";var hupso_url_t=\"\";var hupso_title_t=\"%C5%92uvres\";<\/script><script type=\"text\/javascript\" src=\"https:\/\/static.hupso.com\/share\/js\/share_toolbar.js\"><\/script><!-- Hupso Share Buttons --><\/div>","protected":false},"excerpt":{"rendered":"<p>Tommy Bourgeois a d\u00e9marr\u00e9 son activit\u00e9 de compositeur en 2011. En 2011-2012 il \u00e9crit: Hommage \u00e0 Borodine, suite de 4 pi\u00e8ces pour piano Chto vimeni t\u00e9b\u00e9 ma\u00efom, Gde t\u00ef, zv\u00ebzdochka et Nad rekoi, \u00a03 m\u00e9lodies russes Atrium, chanson \u00e9crite en collaboration avec Florent S\u00e9nia (Projet ENSATT) Scherzo pour orchestre symphonique Harold en Italie de Berlioz, &#8230; <a title=\"\u0152uvres\" class=\"read-more\" href=\"https:\/\/xn--collectifenporte-pqb.com\/index.php\/25-2\/bourgeois-tommy\/oeuvres-de-tommy-bourgeois\/\" aria-label=\"En savoir plus sur \u0152uvres\">Lire la suite<\/a><\/p>\n<div style=\"padding-bottom:20px; padding-top:10px;\" class=\"hupso-share-buttons\"><!-- Hupso Share Buttons - https:\/\/www.hupso.com\/share\/ --><a class=\"hupso_toolbar\" href=\"https:\/\/www.hupso.com\/share\/\"><img src=\"https:\/\/static.hupso.com\/share\/buttons\/lang\/fr\/share-medium.png\" style=\"border:0px; padding-top: 5px; float:left;\" alt=\"Share Button\"\/><\/a><script type=\"text\/javascript\">var hupso_services_t=new Array(\"Twitter\",\"Facebook\",\"Pinterest\",\"Linkedin\",\"Tumblr\",\"Email\");var hupso_background_t=\"#EAF4FF\";var hupso_border_t=\"#66CCFF\";var hupso_toolbar_size_t=\"medium\";var hupso_image_folder_url = \"\";var hupso_url_t=\"\";var hupso_title_t=\"%C5%92uvres\";<\/script><script type=\"text\/javascript\" src=\"https:\/\/static.hupso.com\/share\/js\/share_toolbar.js\"><\/script><!-- Hupso Share Buttons --><\/div>","protected":false},"author":1,"featured_media":0,"parent":33,"menu_order":1,"comment_status":"closed","ping_status":"closed","template":"","meta":{"advgb_blocks_editor_width":"","advgb_blocks_columns_visual_guide":"","footnotes":""},"class_list":["post-226","page","type-page","status-publish"],"coauthors":[],"author_meta":{"author_link":"https:\/\/xn--collectifenporte-pqb.com\/index.php\/author\/admin1862\/","display_name":"admin1862"},"relative_dates":{"created":"Publi\u00e9 10 ans il y a","modified":"Mis \u00e0 jour 1 an il y a"},"absolute_dates":{"created":"Publi\u00e9 le 6 septembre 2016","modified":"Mise \u00e0 jour le 7 mars 2025"},"absolute_dates_time":{"created":"Publi\u00e9 le 6 septembre 2016 15 h 38 min","modified":"Mise \u00e0 jour le 7 mars 2025 15 h 28 min"},"featured_img_caption":"","featured_img":false,"series_order":"","jetpack_sharing_enabled":true,"_links":{"self":[{"href":"https:\/\/xn--collectifenporte-pqb.com\/index.php\/wp-json\/wp\/v2\/pages\/226","targetHints":{"allow":["GET"]}}],"collection":[{"href":"https:\/\/xn--collectifenporte-pqb.com\/index.php\/wp-json\/wp\/v2\/pages"}],"about":[{"href":"https:\/\/xn--collectifenporte-pqb.com\/index.php\/wp-json\/wp\/v2\/types\/page"}],"author":[{"embeddable":true,"href":"https:\/\/xn--collectifenporte-pqb.com\/index.php\/wp-json\/wp\/v2\/users\/1"}],"replies":[{"embeddable":true,"href":"https:\/\/xn--collectifenporte-pqb.com\/index.php\/wp-json\/wp\/v2\/comments?post=226"}],"version-history":[{"count":127,"href":"https:\/\/xn--collectifenporte-pqb.com\/index.php\/wp-json\/wp\/v2\/pages\/226\/revisions"}],"predecessor-version":[{"id":1472,"href":"https:\/\/xn--collectifenporte-pqb.com\/index.php\/wp-json\/wp\/v2\/pages\/226\/revisions\/1472"}],"up":[{"embeddable":true,"href":"https:\/\/xn--collectifenporte-pqb.com\/index.php\/wp-json\/wp\/v2\/pages\/33"}],"wp:attachment":[{"href":"https:\/\/xn--collectifenporte-pqb.com\/index.php\/wp-json\/wp\/v2\/media?parent=226"}],"curies":[{"name":"wp","href":"https:\/\/api.w.org\/{rel}","templated":true}]}}