{"id":130,"date":"2016-09-01T13:36:39","date_gmt":"2016-09-01T12:36:39","guid":{"rendered":"http:\/\/xn--collectifenporte-pqb.com\/?page_id=130"},"modified":"2021-05-17T20:44:24","modified_gmt":"2021-05-17T19:44:24","slug":"collaboration-seniabourgeois","status":"publish","type":"page","link":"https:\/\/xn--collectifenporte-pqb.com\/index.php\/25-2\/collaboration-seniabourgeois\/","title":{"rendered":"Collaboration S\u00e9nia\/Bourgeois"},"content":{"rendered":"<div class=\"eds-animate edsanimate-sis-hidden \" data-eds-entry-animation=\"slideInUp\" data-eds-entry-delay=\"0\" data-eds-entry-duration=\"1\" data-eds-entry-timing=\"linear\" data-eds-exit-animation=\"\" data-eds-exit-delay=\"\" data-eds-exit-duration=\"\" data-eds-exit-timing=\"\" data-eds-repeat-count=\"1\" data-eds-keep=\"yes\" data-eds-animate-on=\"load\" data-eds-scroll-offset=\"\">\n<p>&nbsp;<\/p>\n<p><img loading=\"lazy\" decoding=\"async\" class=\"wp-image-427 alignleft\" src=\"https:\/\/xn--collectifenporte-pqb.com\/wp-content\/uploads\/2018\/10\/photo-Flo.png\" alt=\"\" width=\"185\" height=\"184\" srcset=\"https:\/\/xn--collectifenporte-pqb.com\/wp-content\/uploads\/2018\/10\/photo-Flo.png 2228w, https:\/\/xn--collectifenporte-pqb.com\/wp-content\/uploads\/2018\/10\/photo-Flo-300x300.png 300w, https:\/\/xn--collectifenporte-pqb.com\/wp-content\/uploads\/2018\/10\/photo-Flo-100x100.png 100w, https:\/\/xn--collectifenporte-pqb.com\/wp-content\/uploads\/2018\/10\/photo-Flo-600x598.png 600w, https:\/\/xn--collectifenporte-pqb.com\/wp-content\/uploads\/2018\/10\/photo-Flo-150x150.png 150w, https:\/\/xn--collectifenporte-pqb.com\/wp-content\/uploads\/2018\/10\/photo-Flo-768x765.png 768w, https:\/\/xn--collectifenporte-pqb.com\/wp-content\/uploads\/2018\/10\/photo-Flo-1024x1020.png 1024w, https:\/\/xn--collectifenporte-pqb.com\/wp-content\/uploads\/2018\/10\/photo-Flo-270x270.png 270w, https:\/\/xn--collectifenporte-pqb.com\/wp-content\/uploads\/2018\/10\/photo-Flo-80x80.png 80w, https:\/\/xn--collectifenporte-pqb.com\/wp-content\/uploads\/2018\/10\/photo-Flo-161x160.png 161w\" sizes=\"auto, (max-width: 185px) 100vw, 185px\" \/>Durant leurs \u00e9tudes au CNSMD de Lyon\u00a0<strong>Florent S\u00e9nia et Tommy Bourgeois<\/strong>, alors \u00e9tudiants, d\u00e9marrent leur collaboration en composant la musique d&rsquo;une pi\u00e8ce de th\u00e9\u00e2tre de <a href=\"http:\/\/www.ensatt.fr\/\">L\u2019ENSATT<\/a>,\u00a0<a href=\"https:\/\/www.theatre-contemporain.net\/video\/Audition-Competition\"><em>\u00ab\u00a0Comp\u00e9tition<\/em><\/a>\u00a0\u00bb mise en sc\u00e8ne par Arpad Shilling en 2012, et jou\u00e9 \u00e0 la <a href=\"http:\/\/cartoucherie.fr\">Cartoucherie de Paris<\/a>.<\/p>\n<p>Fors de cette premi\u00e8re exp\u00e9rience, ils d\u00e9cident ponctuellement de s&rsquo;associer afin de r\u00e9aliser des projets ambitieux, qui peuvent \u00eatre des cr\u00e9ations, des musiques \u00e0 l&rsquo;image ou bien m\u00eame des arrangements et orchestrations.<\/p>\n<p>Ainsi ils arrangent,\u00a0<a href=\"https:\/\/collectifenport\u00e9e.com\/index.php\/produit\/praeludium-and-allegro\/\"><em>Pr\u00e9lude et allegro<\/em> de Kreisler<\/a>, arrangement pour violon solo et quintette \u00e0 cordes \u00a0dans le cadre d&rsquo;un concert interpret\u00e9 parLaurent Korcia lors du festival <em><a href=\"http:\/\/www.musique-en-re.com\">Musique en R\u00e9.<\/a><\/em><\/p>\n<p>Ils composent \u00e9galement sur des textes de Pierre Garnier <a href=\"https:\/\/collectifenport\u00e9e.com\/index.php\/produit\/1916-un-ete-et-une-moitie-dautomne\/\">\u00ab\u00a0&#8230;1916, un \u00e9t\u00e9 et une moiti\u00e9 d&rsquo;automne&#8230;\u00a0\u00bb<\/a> pour quatuor \u00e0 cordes, harpe, choeurs d&rsquo;enfants et com\u00e9diens. Spectacle d&rsquo;une dur\u00e9e d&rsquo;1\/2 heure.<\/p>\n<p>Ils \u00a0arrangent \u00e9galement en 2016 l&rsquo;Introduction et Allegro de Ravel pour en faire une version pour quatuor \u00e0 cordes et harpe.<\/p>\n<p><img loading=\"lazy\" decoding=\"async\" class=\"wp-image-521 alignright\" src=\"http:\/\/xn--collectifenporte-pqb.com\/wp-content\/uploads\/2019\/06\/DSC0708-2-scaled.jpg\" alt=\"\" width=\"150\" height=\"234\" srcset=\"https:\/\/xn--collectifenporte-pqb.com\/wp-content\/uploads\/2019\/06\/DSC0708-2-scaled.jpg 1642w, https:\/\/xn--collectifenporte-pqb.com\/wp-content\/uploads\/2019\/06\/DSC0708-2-600x936.jpg 600w, https:\/\/xn--collectifenporte-pqb.com\/wp-content\/uploads\/2019\/06\/DSC0708-2-192x300.jpg 192w, https:\/\/xn--collectifenporte-pqb.com\/wp-content\/uploads\/2019\/06\/DSC0708-2-768x1198.jpg 768w, https:\/\/xn--collectifenporte-pqb.com\/wp-content\/uploads\/2019\/06\/DSC0708-2-657x1024.jpg 657w, https:\/\/xn--collectifenporte-pqb.com\/wp-content\/uploads\/2019\/06\/DSC0708-2-385x600.jpg 385w, https:\/\/xn--collectifenporte-pqb.com\/wp-content\/uploads\/2019\/06\/DSC0708-2-103x160.jpg 103w\" sizes=\"auto, (max-width: 150px) 100vw, 150px\" \/><\/p>\n<p>Depuis 2016, ils travaillent ponctuellement pour l&rsquo;op\u00e9ra de Rennes pour lequel ils ont arrang\u00e9 le <a href=\"http:\/\/www.opera-rennes.com\/saison-2016-2017\/les-operas\/54-le-toreador.html\"><em>Tor\u00e9ador<\/em> de Adam<\/a> et la <a href=\"http:\/\/www.opera-rennes.com\/saison-2018-2019\/113-l-histoire-de-papageno.html#tab=2\"><em>Fl\u00fbte enchant\u00e9e<\/em> de Mozart<\/a>. Cette m\u00eame Fl\u00fbte enchant\u00e9e transform\u00e9e en <a href=\"https:\/\/www.angers-nantes-opera.com\/accueil\/un-automne-avec-mozart\/les-aventures-de-papageno\"><em>\u00ab\u00a0Aventures du Papageno\u00a0\u00bb<\/em><\/a> sera reprise en 2019 par Angers Nantes op\u00e9ra lors de sa saison public.<\/p>\n<p>En 2021, command\u00e9 de nouveau par Angers Nantes Op\u00e9ra, ils r\u00e9alisent une transcription du \u00ab\u00a0Barbier de S\u00e9ville\u00a0\u00bb de Rossini dans une version adapt\u00e9e aux familles, <a href=\"https:\/\/www.angers-nantes-opera.com\/la-programmation-2021\/operas\/les-fourberies-de-figaro\">\u00ab\u00a0Les Fourberies de Figaro\u00a0\u00bb<\/a>.<\/p>\n<p>Egalement en 2016, ils fondent le Collectif en port\u00e9e afin de promouvoir leurs oeuvres.<\/p>\n<p><strong><a class=\"maxbutton-7 maxbutton maxbutton-decouvrir-collaborations\" href=\"https:\/\/collectifenport\u00e9e.com\/index.php\/25-2\/collaboration-seniabourgeois\/oeuvres\/\"><span class='mb-text'>D\u00e9couvrir leurs oeuvres et projets<\/span><\/a><\/strong><\/p>\n<\/div>\n<div style=\"padding-bottom:20px; padding-top:10px;\" class=\"hupso-share-buttons\"><!-- Hupso Share Buttons - https:\/\/www.hupso.com\/share\/ --><a class=\"hupso_toolbar\" href=\"https:\/\/www.hupso.com\/share\/\"><img decoding=\"async\" src=\"https:\/\/static.hupso.com\/share\/buttons\/lang\/fr\/share-medium.png\" style=\"border:0px; padding-top: 5px; float:left;\" alt=\"Share Button\"\/><\/a><script type=\"text\/javascript\">var hupso_services_t=new Array(\"Twitter\",\"Facebook\",\"Pinterest\",\"Linkedin\",\"Tumblr\",\"Email\");var hupso_background_t=\"#EAF4FF\";var hupso_border_t=\"#66CCFF\";var hupso_toolbar_size_t=\"medium\";var hupso_image_folder_url = \"\";var hupso_url_t=\"\";var hupso_title_t=\"Collaboration%20S%C3%A9nia%2FBourgeois\";<\/script><script type=\"text\/javascript\" src=\"https:\/\/static.hupso.com\/share\/js\/share_toolbar.js\"><\/script><!-- Hupso Share Buttons --><\/div>","protected":false},"excerpt":{"rendered":"<p>&nbsp; Durant leurs \u00e9tudes au CNSMD de Lyon\u00a0Florent S\u00e9nia et Tommy Bourgeois, alors \u00e9tudiants, d\u00e9marrent leur collaboration en composant la musique d&rsquo;une pi\u00e8ce de th\u00e9\u00e2tre de L\u2019ENSATT,\u00a0\u00ab\u00a0Comp\u00e9tition\u00a0\u00bb mise en sc\u00e8ne par Arpad Shilling en 2012, et jou\u00e9 \u00e0 la Cartoucherie de Paris. Fors de cette premi\u00e8re exp\u00e9rience, ils d\u00e9cident ponctuellement de s&rsquo;associer afin de r\u00e9aliser &#8230; <a title=\"Collaboration S\u00e9nia\/Bourgeois\" class=\"read-more\" href=\"https:\/\/xn--collectifenporte-pqb.com\/index.php\/25-2\/collaboration-seniabourgeois\/\" aria-label=\"En savoir plus sur Collaboration S\u00e9nia\/Bourgeois\">Lire la suite<\/a><\/p>\n<div style=\"padding-bottom:20px; padding-top:10px;\" class=\"hupso-share-buttons\"><!-- Hupso Share Buttons - https:\/\/www.hupso.com\/share\/ --><a class=\"hupso_toolbar\" href=\"https:\/\/www.hupso.com\/share\/\"><img src=\"https:\/\/static.hupso.com\/share\/buttons\/lang\/fr\/share-medium.png\" style=\"border:0px; padding-top: 5px; float:left;\" alt=\"Share Button\"\/><\/a><script type=\"text\/javascript\">var hupso_services_t=new Array(\"Twitter\",\"Facebook\",\"Pinterest\",\"Linkedin\",\"Tumblr\",\"Email\");var hupso_background_t=\"#EAF4FF\";var hupso_border_t=\"#66CCFF\";var hupso_toolbar_size_t=\"medium\";var hupso_image_folder_url = \"\";var hupso_url_t=\"\";var hupso_title_t=\"Collaboration%20S%C3%A9nia%2FBourgeois\";<\/script><script type=\"text\/javascript\" src=\"https:\/\/static.hupso.com\/share\/js\/share_toolbar.js\"><\/script><!-- Hupso Share Buttons --><\/div>","protected":false},"author":1,"featured_media":0,"parent":25,"menu_order":0,"comment_status":"closed","ping_status":"closed","template":"","meta":{"advgb_blocks_editor_width":"","advgb_blocks_columns_visual_guide":"","footnotes":""},"class_list":["post-130","page","type-page","status-publish"],"coauthors":[],"author_meta":{"author_link":"https:\/\/xn--collectifenporte-pqb.com\/index.php\/author\/admin1862\/","display_name":"admin1862"},"relative_dates":{"created":"Publi\u00e9 10 ans il y a","modified":"Mis \u00e0 jour 5 ans il y a"},"absolute_dates":{"created":"Publi\u00e9 le 1 septembre 2016","modified":"Mise \u00e0 jour le 17 mai 2021"},"absolute_dates_time":{"created":"Publi\u00e9 le 1 septembre 2016 13 h 36 min","modified":"Mise \u00e0 jour le 17 mai 2021 20 h 44 min"},"featured_img_caption":"","featured_img":false,"series_order":"","jetpack_sharing_enabled":true,"_links":{"self":[{"href":"https:\/\/xn--collectifenporte-pqb.com\/index.php\/wp-json\/wp\/v2\/pages\/130","targetHints":{"allow":["GET"]}}],"collection":[{"href":"https:\/\/xn--collectifenporte-pqb.com\/index.php\/wp-json\/wp\/v2\/pages"}],"about":[{"href":"https:\/\/xn--collectifenporte-pqb.com\/index.php\/wp-json\/wp\/v2\/types\/page"}],"author":[{"embeddable":true,"href":"https:\/\/xn--collectifenporte-pqb.com\/index.php\/wp-json\/wp\/v2\/users\/1"}],"replies":[{"embeddable":true,"href":"https:\/\/xn--collectifenporte-pqb.com\/index.php\/wp-json\/wp\/v2\/comments?post=130"}],"version-history":[{"count":35,"href":"https:\/\/xn--collectifenporte-pqb.com\/index.php\/wp-json\/wp\/v2\/pages\/130\/revisions"}],"predecessor-version":[{"id":1096,"href":"https:\/\/xn--collectifenporte-pqb.com\/index.php\/wp-json\/wp\/v2\/pages\/130\/revisions\/1096"}],"up":[{"embeddable":true,"href":"https:\/\/xn--collectifenporte-pqb.com\/index.php\/wp-json\/wp\/v2\/pages\/25"}],"wp:attachment":[{"href":"https:\/\/xn--collectifenporte-pqb.com\/index.php\/wp-json\/wp\/v2\/media?parent=130"}],"curies":[{"name":"wp","href":"https:\/\/api.w.org\/{rel}","templated":true}]}}